{"id":8694,"date":"2024-05-26T12:25:48","date_gmt":"2024-05-26T10:25:48","guid":{"rendered":"https:\/\/zoezephyyr.com\/?page_id=8694"},"modified":"2024-05-26T17:39:13","modified_gmt":"2024-05-26T15:39:13","slug":"naissance","status":"publish","type":"page","link":"https:\/\/zoezephyyr.com\/en\/naissance\/","title":{"rendered":"Birth announcements"},"content":{"rendered":"<div data-elementor-type=\"wp-page\" data-elementor-id=\"8694\" class=\"elementor elementor-8694\" data-elementor-post-type=\"page\">\n\t\t\t\t\t\t<section class=\"elementor-section elementor-top-section elementor-element elementor-element-2cd6554 elementor-section-boxed elementor-section-height-default elementor-section-height-default\" data-id=\"2cd6554\" data-element_type=\"section\">\n\t\t\t\t\t\t<div class=\"elementor-container elementor-column-gap-default\">\n\t\t\t\t\t<div class=\"elementor-column elementor-col-100 elementor-top-column elementor-element elementor-element-0b57dde\" data-id=\"0b57dde\" data-element_type=\"column\">\n\t\t\t<div class=\"elementor-widget-wrap elementor-element-populated\">\n\t\t\t\t\t\t<div class=\"elementor-element elementor-element-decb9a7 elementor-widget elementor-widget-heading\" data-id=\"decb9a7\" data-element_type=\"widget\" data-widget_type=\"heading.default\">\n\t\t\t\t<div class=\"elementor-widget-container\">\n\t\t\t\t\t<h2 class=\"elementor-heading-title elementor-size-default\">faire-part de naissance<\/h2>\t\t\t\t<\/div>\n\t\t\t\t<\/div>\n\t\t\t\t<div class=\"elementor-element elementor-element-2b25987 elementor-widget elementor-widget-text-editor\" data-id=\"2b25987\" data-element_type=\"widget\" data-widget_type=\"text-editor.default\">\n\t\t\t\t<div class=\"elementor-widget-container\">\n\t\t\t\t\t\t\t\t\t<p>Des faire-part de naissance raffin\u00e9s, personnalisables, imprim\u00e9s sur papier artisanal.\u00a0<\/p>\t\t\t\t\t\t\t\t<\/div>\n\t\t\t\t<\/div>\n\t\t\t\t\t<\/div>\n\t\t<\/div>\n\t\t\t\t\t<\/div>\n\t\t<\/section>\n\t\t\t\t<section class=\"elementor-section elementor-top-section elementor-element elementor-element-296c384 elementor-section-boxed elementor-section-height-default elementor-section-height-default\" data-id=\"296c384\" data-element_type=\"section\">\n\t\t\t\t\t\t<div class=\"elementor-container elementor-column-gap-default\">\n\t\t\t\t\t<div class=\"elementor-column elementor-col-50 elementor-top-column elementor-element elementor-element-77bb296\" data-id=\"77bb296\" data-element_type=\"column\">\n\t\t\t<div class=\"elementor-widget-wrap elementor-element-populated\">\n\t\t\t\t\t\t<div class=\"elementor-element elementor-element-79ce624 elementor-widget elementor-widget-image\" data-id=\"79ce624\" data-element_type=\"widget\" data-widget_type=\"image.default\">\n\t\t\t\t<div class=\"elementor-widget-container\">\n\t\t\t\t\t\t\t\t\t\t\t\t\t\t\t<img fetchpriority=\"high\" decoding=\"async\" width=\"1000\" height=\"1000\" src=\"https:\/\/zoezephyyr.com\/wp-content\/uploads\/2024\/05\/IMG_8038-copie.jpg\" class=\"attachment-2048x2048 size-2048x2048 wp-image-8699\" alt=\"\" srcset=\"https:\/\/zoezephyyr.com\/wp-content\/uploads\/2024\/05\/IMG_8038-copie.jpg 1000w, https:\/\/zoezephyyr.com\/wp-content\/uploads\/2024\/05\/IMG_8038-copie-300x300.jpg 300w, https:\/\/zoezephyyr.com\/wp-content\/uploads\/2024\/05\/IMG_8038-copie-150x150.jpg 150w, https:\/\/zoezephyyr.com\/wp-content\/uploads\/2024\/05\/IMG_8038-copie-768x768.jpg 768w, https:\/\/zoezephyyr.com\/wp-content\/uploads\/2024\/05\/IMG_8038-copie-12x12.jpg 12w, https:\/\/zoezephyyr.com\/wp-content\/uploads\/2024\/05\/IMG_8038-copie-600x600.jpg 600w, https:\/\/zoezephyyr.com\/wp-content\/uploads\/2024\/05\/IMG_8038-copie-100x100.jpg 100w\" sizes=\"(max-width: 1000px) 100vw, 1000px\" \/>\t\t\t\t\t\t\t\t\t\t\t\t\t\t\t<\/div>\n\t\t\t\t<\/div>\n\t\t\t\t<div class=\"elementor-element elementor-element-66334ad elementor-widget elementor-widget-heading\" data-id=\"66334ad\" data-element_type=\"widget\" data-widget_type=\"heading.default\">\n\t\t\t\t<div class=\"elementor-widget-container\">\n\t\t\t\t\t<h2 class=\"elementor-heading-title elementor-size-default\">Les faire-part<\/h2>\t\t\t\t<\/div>\n\t\t\t\t<\/div>\n\t\t\t\t<div class=\"elementor-element elementor-element-7ab1d5f elementor-widget elementor-widget-text-editor\" data-id=\"7ab1d5f\" data-element_type=\"widget\" data-widget_type=\"text-editor.default\">\n\t\t\t\t<div class=\"elementor-widget-container\">\n\t\t\t\t\t\t\t\t\t<p>Une collection avec plusieurs designs de faire-part de naissance, tous imprim\u00e9s sur un papier artisanal fabriqu\u00e9 par mes soins dans mon atelier.\u00a0<\/p>\t\t\t\t\t\t\t\t<\/div>\n\t\t\t\t<\/div>\n\t\t\t\t<div class=\"elementor-element elementor-element-dddd0d0 elementor-align-center elementor-widget elementor-widget-button\" data-id=\"dddd0d0\" data-element_type=\"widget\" data-widget_type=\"button.default\">\n\t\t\t\t<div class=\"elementor-widget-container\">\n\t\t\t\t\t\t\t\t\t<div class=\"elementor-button-wrapper\">\n\t\t\t\t\t<a class=\"elementor-button elementor-button-link elementor-size-sm\" href=\"https:\/\/zoezephyyr.com\/en\/product-category\/naissance\/\">\n\t\t\t\t\t\t<span class=\"elementor-button-content-wrapper\">\n\t\t\t\t\t\t\t\t\t<span class=\"elementor-button-text\">D\u00e9couvrir la collection<\/span>\n\t\t\t\t\t<\/span>\n\t\t\t\t\t<\/a>\n\t\t\t\t<\/div>\n\t\t\t\t\t\t\t\t<\/div>\n\t\t\t\t<\/div>\n\t\t\t\t\t<\/div>\n\t\t<\/div>\n\t\t\t\t<div class=\"elementor-column elementor-col-50 elementor-top-column elementor-element elementor-element-743ce3a\" data-id=\"743ce3a\" data-element_type=\"column\">\n\t\t\t<div class=\"elementor-widget-wrap elementor-element-populated\">\n\t\t\t\t\t\t<div class=\"elementor-element elementor-element-13b3eb7 elementor-widget elementor-widget-image\" data-id=\"13b3eb7\" data-element_type=\"widget\" data-widget_type=\"image.default\">\n\t\t\t\t<div class=\"elementor-widget-container\">\n\t\t\t\t\t\t\t\t\t\t\t\t\t\t\t<img decoding=\"async\" width=\"1024\" height=\"1024\" src=\"https:\/\/zoezephyyr.com\/wp-content\/uploads\/2022\/07\/Ruban-1024x1024.jpg\" class=\"attachment-large size-large wp-image-7074\" alt=\"\" srcset=\"https:\/\/zoezephyyr.com\/wp-content\/uploads\/2022\/07\/Ruban.jpg 1024w, https:\/\/zoezephyyr.com\/wp-content\/uploads\/2022\/07\/Ruban-300x300.jpg 300w, https:\/\/zoezephyyr.com\/wp-content\/uploads\/2022\/07\/Ruban-150x150.jpg 150w, https:\/\/zoezephyyr.com\/wp-content\/uploads\/2022\/07\/Ruban-768x768.jpg 768w, https:\/\/zoezephyyr.com\/wp-content\/uploads\/2022\/07\/Ruban-600x600.jpg 600w, https:\/\/zoezephyyr.com\/wp-content\/uploads\/2022\/07\/Ruban-100x100.jpg 100w\" sizes=\"(max-width: 1024px) 100vw, 1024px\" \/>\t\t\t\t\t\t\t\t\t\t\t\t\t\t\t<\/div>\n\t\t\t\t<\/div>\n\t\t\t\t<div class=\"elementor-element elementor-element-86edbbc elementor-widget elementor-widget-heading\" data-id=\"86edbbc\" data-element_type=\"widget\" data-widget_type=\"heading.default\">\n\t\t\t\t<div class=\"elementor-widget-container\">\n\t\t\t\t\t<h2 class=\"elementor-heading-title elementor-size-default\">Les embellissements<\/h2>\t\t\t\t<\/div>\n\t\t\t\t<\/div>\n\t\t\t\t<div class=\"elementor-element elementor-element-dc89729 elementor-widget elementor-widget-text-editor\" data-id=\"dc89729\" data-element_type=\"widget\" data-widget_type=\"text-editor.default\">\n\t\t\t\t<div class=\"elementor-widget-container\">\n\t\t\t\t\t\t\t\t\t<p>Sceaux de cire, rubans de soie, calligraphie ou impression des adresses, de nombreux de embellissements sont disponibles pour sublimer vos faire-part de naissance.\u00a0<\/p>\t\t\t\t\t\t\t\t<\/div>\n\t\t\t\t<\/div>\n\t\t\t\t<div class=\"elementor-element elementor-element-e253b77 elementor-align-center elementor-widget elementor-widget-button\" data-id=\"e253b77\" data-element_type=\"widget\" data-widget_type=\"button.default\">\n\t\t\t\t<div class=\"elementor-widget-container\">\n\t\t\t\t\t\t\t\t\t<div class=\"elementor-button-wrapper\">\n\t\t\t\t\t<a class=\"elementor-button elementor-button-link elementor-size-sm\" href=\"https:\/\/zoezephyyr.com\/en\/product-category\/embellissement\/\">\n\t\t\t\t\t\t<span class=\"elementor-button-content-wrapper\">\n\t\t\t\t\t\t\t\t\t<span class=\"elementor-button-text\">Voir les embellissments<\/span>\n\t\t\t\t\t<\/span>\n\t\t\t\t\t<\/a>\n\t\t\t\t<\/div>\n\t\t\t\t\t\t\t\t<\/div>\n\t\t\t\t<\/div>\n\t\t\t\t\t<\/div>\n\t\t<\/div>\n\t\t\t\t\t<\/div>\n\t\t<\/section>\n\t\t\t\t<section class=\"elementor-section elementor-top-section elementor-element elementor-element-a3fdfb8 elementor-section-boxed elementor-section-height-default elementor-section-height-default\" data-id=\"a3fdfb8\" data-element_type=\"section\">\n\t\t\t\t\t\t<div class=\"elementor-container elementor-column-gap-default\">\n\t\t\t\t\t<div class=\"elementor-column elementor-col-100 elementor-top-column elementor-element elementor-element-40d5dee\" data-id=\"40d5dee\" data-element_type=\"column\">\n\t\t\t<div class=\"elementor-widget-wrap elementor-element-populated\">\n\t\t\t\t\t\t<div class=\"elementor-element elementor-element-b4d7829 elementor-widget elementor-widget-heading\" data-id=\"b4d7829\" data-element_type=\"widget\" data-widget_type=\"heading.default\">\n\t\t\t\t<div class=\"elementor-widget-container\">\n\t\t\t\t\t<h2 class=\"elementor-heading-title elementor-size-default\"><br>Comment passer commande ?<\/h2>\t\t\t\t<\/div>\n\t\t\t\t<\/div>\n\t\t\t\t<div class=\"elementor-element elementor-element-001ef2d elementor-hidden-desktop elementor-widget elementor-widget-text-editor\" data-id=\"001ef2d\" data-element_type=\"widget\" data-widget_type=\"text-editor.default\">\n\t\t\t\t<div class=\"elementor-widget-container\">\n\t\t\t\t\t\t\t\t\t<p><span style=\"color: var( --e-global-color-text ); font-size: 1rem;\">1.\u00a0<\/span><\/p><p><span style=\"color: var( --e-global-color-text ); font-size: 1rem;\">Choisissez le faire-part qui vous plait parmi la collection.<\/span><span style=\"color: var( --e-global-color-text ); font-size: 1rem;\">\u00a0<\/span><\/p><p><span style=\"color: var( --e-global-color-text ); font-size: 1rem; background-color: transparent;\">2.\u00a0<\/span><\/p><p><span style=\"color: var( --e-global-color-text ); font-size: 1rem; background-color: transparent;\">S\u00e9lectionnez la quantit\u00e9, l&rsquo;illustration le cas \u00e9ch\u00e9ant et la couleur d&rsquo;enveloppe de votre choix.<\/span><span style=\"color: var( --e-global-color-text ); font-size: 1rem; background-color: transparent;\">\u00a0<\/span><\/p><p><span style=\"color: var( --e-global-color-text ); font-size: 1rem; background-color: transparent;\">3.\u00a0<\/span><\/p><p><span style=\"color: var( --e-global-color-text ); font-size: 1rem; background-color: transparent;\">Si vous souhaitez ajouter des embellissements, vous pouvez les ajouter directement au panier.<\/span><\/p><p><span style=\"color: var( --e-global-color-text ); font-size: 1rem; background-color: transparent;\">4.\u00a0<\/span><\/p><p><span style=\"color: var( --e-global-color-text ); font-size: 1rem;\">Je vous contacte par mail dans les 48h pour un premier \u00e9change. Vous me communiquez le texte,\u00a0<\/span><\/p><p><span style=\"color: var( --e-global-color-text ); font-size: 1rem;\">et\u00a0<\/span><span style=\"color: var( --e-global-color-text ); font-size: 1rem; background-color: transparent;\">dans les 5 jours ouvr\u00e9s je vous envoie une proposition de design.<\/span><\/p><p>5.<\/p><p>Une fois le design de vos faire-part valid\u00e9, il faut compter entre 2 et 4 semaines pour la production des faire-part (les d\u00e9lais d\u00e9pendent des quantit\u00e9s et de mon calendrier).\u00a0<\/p><p><span style=\"color: var( --e-global-color-text ); font-size: 1rem; background-color: transparent;\">6.<\/span><\/p><p><span style=\"color: var( --e-global-color-text ); font-size: 1rem; background-color: transparent;\">Je vous envoie les faire-part via Colissimo d\u00e8s qu&rsquo;ils sont pr\u00eats.<\/span><\/p>\t\t\t\t\t\t\t\t<\/div>\n\t\t\t\t<\/div>\n\t\t\t\t<div class=\"elementor-element elementor-element-1922675 elementor-hidden-tablet elementor-hidden-mobile elementor-widget elementor-widget-text-editor\" data-id=\"1922675\" data-element_type=\"widget\" data-widget_type=\"text-editor.default\">\n\t\t\t\t<div class=\"elementor-widget-container\">\n\t\t\t\t\t\t\t\t\t<p><span style=\"color: var( --e-global-color-text ); font-size: 1rem;\">1.\u00a0<\/span><\/p><p><span style=\"color: var( --e-global-color-text ); font-size: 1rem;\">Choisissez le faire-part qui vous plait parmi la collection.<\/span><span style=\"color: var( --e-global-color-text ); font-size: 1rem;\">\u00a0<\/span><\/p><p><span style=\"color: var( --e-global-color-text ); font-size: 1rem; background-color: transparent;\">2.\u00a0<\/span><\/p><p><span style=\"color: var( --e-global-color-text ); font-size: 1rem; background-color: transparent;\">S\u00e9lectionnez la quantit\u00e9, l&rsquo;illustration le cas \u00e9ch\u00e9ant et la couleur d&rsquo;enveloppe de votre choix.<\/span><span style=\"color: var( --e-global-color-text ); font-size: 1rem; background-color: transparent;\">\u00a0<\/span><\/p><p><span style=\"color: var( --e-global-color-text ); font-size: 1rem; background-color: transparent;\">3.\u00a0<\/span><\/p><p><span style=\"color: var( --e-global-color-text ); font-size: 1rem; background-color: transparent;\">Si vous souhaitez ajouter des embellissements, vous pouvez les ajouter directement au panier.<\/span><\/p><p><span style=\"color: var( --e-global-color-text ); font-size: 1rem; background-color: transparent;\">4.\u00a0<\/span><\/p><p><span style=\"color: var( --e-global-color-text ); font-size: 1rem;\">Je vous contacte par mail dans les 48h pour un premier \u00e9change. Vous me communiquez le texte,\u00a0<\/span><span style=\"color: var( --e-global-color-text ); font-size: 1rem;\">et\u00a0<\/span><span style=\"color: var( --e-global-color-text ); font-size: 1rem; background-color: transparent;\">dans les 5 jours ouvr\u00e9s je vous envoie une proposition de design.<\/span><\/p><p>5.<\/p><p>Une fois le design de vos faire-part valid\u00e9, il faut compter entre 2 et 4 semaines pour la production des faire-part (les d\u00e9lais d\u00e9pendent des quantit\u00e9s et de mon calendrier).\u00a0<\/p><p><span style=\"color: var( --e-global-color-text ); font-size: 1rem; background-color: transparent;\">6.<\/span><\/p><p><span style=\"color: var( --e-global-color-text ); font-size: 1rem; background-color: transparent;\">Je vous envoie les faire-part via Colissimo d\u00e8s qu&rsquo;ils sont pr\u00eats.<\/span><\/p>\t\t\t\t\t\t\t\t<\/div>\n\t\t\t\t<\/div>\n\t\t\t\t\t<\/div>\n\t\t<\/div>\n\t\t\t\t\t<\/div>\n\t\t<\/section>\n\t\t\t\t<\/div>","protected":false},"excerpt":{"rendered":"<p>faire-part de naissance Des faire-part de naissance raffin\u00e9s, personnalisables, imprim\u00e9s sur papier artisanal.\u00a0 Les faire-part Une collection avec plusieurs designs de faire-part de naissance, tous imprim\u00e9s sur un papier artisanal fabriqu\u00e9 par mes soins dans mon atelier.\u00a0 D\u00e9couvrir la collection Les embellissements Sceaux de cire, rubans de soie, calligraphie ou impression des adresses, de nombreux [&hellip;]<\/p>","protected":false},"author":1,"featured_media":0,"parent":0,"menu_order":0,"comment_status":"closed","ping_status":"closed","template":"","meta":{"_seopress_robots_primary_cat":"","_seopress_titles_title":"","_seopress_titles_desc":"","_seopress_robots_index":"","footnotes":""},"class_list":["post-8694","page","type-page","status-publish","hentry"],"jetpack_sharing_enabled":true,"_links":{"self":[{"href":"https:\/\/zoezephyyr.com\/en\/wp-json\/wp\/v2\/pages\/8694","targetHints":{"allow":["GET"]}}],"collection":[{"href":"https:\/\/zoezephyyr.com\/en\/wp-json\/wp\/v2\/pages"}],"about":[{"href":"https:\/\/zoezephyyr.com\/en\/wp-json\/wp\/v2\/types\/page"}],"author":[{"embeddable":true,"href":"https:\/\/zoezephyyr.com\/en\/wp-json\/wp\/v2\/users\/1"}],"replies":[{"embeddable":true,"href":"https:\/\/zoezephyyr.com\/en\/wp-json\/wp\/v2\/comments?post=8694"}],"version-history":[{"count":14,"href":"https:\/\/zoezephyyr.com\/en\/wp-json\/wp\/v2\/pages\/8694\/revisions"}],"predecessor-version":[{"id":8764,"href":"https:\/\/zoezephyyr.com\/en\/wp-json\/wp\/v2\/pages\/8694\/revisions\/8764"}],"wp:attachment":[{"href":"https:\/\/zoezephyyr.com\/en\/wp-json\/wp\/v2\/media?parent=8694"}],"curies":[{"name":"wp","href":"https:\/\/api.w.org\/{rel}","templated":true}]}}