{"id":8388,"date":"2024-01-01T12:57:44","date_gmt":"2024-01-01T11:57:44","guid":{"rendered":"https:\/\/zoezephyyr.com\/?page_id=8388"},"modified":"2024-09-04T18:23:53","modified_gmt":"2024-09-04T16:23:53","slug":"semi_mesure","status":"publish","type":"page","link":"https:\/\/zoezephyyr.com\/en\/semi_mesure\/","title":{"rendered":"Semi-custom collection"},"content":{"rendered":"<div data-elementor-type=\"wp-page\" data-elementor-id=\"8388\" class=\"elementor elementor-8388\" data-elementor-post-type=\"page\">\n\t\t\t\t\t\t<section class=\"elementor-section elementor-top-section elementor-element elementor-element-6aaf74c elementor-section-boxed elementor-section-height-default elementor-section-height-default\" data-id=\"6aaf74c\" data-element_type=\"section\">\n\t\t\t\t\t\t<div class=\"elementor-container elementor-column-gap-default\">\n\t\t\t\t\t<div class=\"elementor-column elementor-col-100 elementor-top-column elementor-element elementor-element-fe98574\" data-id=\"fe98574\" data-element_type=\"column\">\n\t\t\t<div class=\"elementor-widget-wrap elementor-element-populated\">\n\t\t\t\t\t\t<div class=\"elementor-element elementor-element-b3689c5 elementor-widget elementor-widget-heading\" data-id=\"b3689c5\" data-element_type=\"widget\" data-widget_type=\"heading.default\">\n\t\t\t\t<div class=\"elementor-widget-container\">\n\t\t\t\t\t<h2 class=\"elementor-heading-title elementor-size-default\">Semi-custom collection<\/h2>\t\t\t\t<\/div>\n\t\t\t\t<\/div>\n\t\t\t\t\t<\/div>\n\t\t<\/div>\n\t\t\t\t\t<\/div>\n\t\t<\/section>\n\t\t\t\t<section class=\"elementor-section elementor-top-section elementor-element elementor-element-3168451 elementor-section-boxed elementor-section-height-default elementor-section-height-default\" data-id=\"3168451\" data-element_type=\"section\">\n\t\t\t\t\t\t<div class=\"elementor-container elementor-column-gap-default\">\n\t\t\t\t\t<div class=\"elementor-column elementor-col-100 elementor-top-column elementor-element elementor-element-c8ed648\" data-id=\"c8ed648\" data-element_type=\"column\">\n\t\t\t<div class=\"elementor-widget-wrap elementor-element-populated\">\n\t\t\t\t\t\t<div class=\"elementor-element elementor-element-4e429de elementor-widget elementor-widget-text-editor\" data-id=\"4e429de\" data-element_type=\"widget\" data-widget_type=\"text-editor.default\">\n\t\t\t\t<div class=\"elementor-widget-container\">\n\t\t\t\t\t\t\t\t\t<p>Collections are semi-customizable suites. The design and illustrations of the pieces do not change, but all the texts and titles are modifiable.<\/p>\t\t\t\t\t\t\t\t<\/div>\n\t\t\t\t<\/div>\n\t\t\t\t<div class=\"elementor-element elementor-element-21d95c2 elementor-widget elementor-widget-text-editor\" data-id=\"21d95c2\" data-element_type=\"widget\" data-widget_type=\"text-editor.default\">\n\t\t\t\t<div class=\"elementor-widget-container\">\n\t\t\t\t\t\t\t\t\t<p>Cliquez sur une collection pour la voir en d\u00e9tails<\/p>\t\t\t\t\t\t\t\t<\/div>\n\t\t\t\t<\/div>\n\t\t\t\t\t<\/div>\n\t\t<\/div>\n\t\t\t\t\t<\/div>\n\t\t<\/section>\n\t\t\t\t<section class=\"elementor-section elementor-top-section elementor-element elementor-element-4422eba elementor-section-boxed elementor-section-height-default elementor-section-height-default\" data-id=\"4422eba\" data-element_type=\"section\">\n\t\t\t\t\t\t<div class=\"elementor-container elementor-column-gap-default\">\n\t\t\t\t\t<div class=\"elementor-column elementor-col-100 elementor-top-column elementor-element elementor-element-4018937\" data-id=\"4018937\" data-element_type=\"column\">\n\t\t\t<div class=\"elementor-widget-wrap elementor-element-populated\">\n\t\t\t\t\t\t<section class=\"elementor-section elementor-inner-section elementor-element elementor-element-1e470ef elementor-section-boxed elementor-section-height-default elementor-section-height-default\" data-id=\"1e470ef\" data-element_type=\"section\">\n\t\t\t\t\t\t<div class=\"elementor-container elementor-column-gap-default\">\n\t\t\t\t\t<div class=\"elementor-column elementor-col-33 elementor-inner-column elementor-element elementor-element-6bfa884\" data-id=\"6bfa884\" data-element_type=\"column\">\n\t\t\t<div class=\"elementor-widget-wrap elementor-element-populated\">\n\t\t\t\t\t\t<div class=\"elementor-element elementor-element-b6b8857 elementor-widget elementor-widget-heading\" data-id=\"b6b8857\" data-element_type=\"widget\" data-widget_type=\"heading.default\">\n\t\t\t\t<div class=\"elementor-widget-container\">\n\t\t\t\t\t<h2 class=\"elementor-heading-title elementor-size-default\"><a href=\"https:\/\/zoezephyyr.com\/en\/suite-eole\/\">n\u00b01 - Suite \u00c9ole<\/a><\/h2>\t\t\t\t<\/div>\n\t\t\t\t<\/div>\n\t\t\t\t<div class=\"elementor-element elementor-element-1c09fc4 elementor-widget elementor-widget-image\" data-id=\"1c09fc4\" data-element_type=\"widget\" data-widget_type=\"image.default\">\n\t\t\t\t<div class=\"elementor-widget-container\">\n\t\t\t\t\t\t\t\t\t\t\t\t\t\t\t\t<a href=\"https:\/\/zoezephyyr.com\/en\/suite-eole\/\">\n\t\t\t\t\t\t\t<img fetchpriority=\"high\" decoding=\"async\" width=\"684\" height=\"1024\" src=\"https:\/\/zoezephyyr.com\/wp-content\/uploads\/2024\/01\/Eole-1-684x1024.jpg\" class=\"attachment-large size-large wp-image-8460\" alt=\"\" srcset=\"https:\/\/zoezephyyr.com\/wp-content\/uploads\/2024\/01\/Eole-1-684x1024.jpg 684w, https:\/\/zoezephyyr.com\/wp-content\/uploads\/2024\/01\/Eole-1-200x300.jpg 200w, https:\/\/zoezephyyr.com\/wp-content\/uploads\/2024\/01\/Eole-1-768x1150.jpg 768w, https:\/\/zoezephyyr.com\/wp-content\/uploads\/2024\/01\/Eole-1-1026x1536.jpg 1026w, https:\/\/zoezephyyr.com\/wp-content\/uploads\/2024\/01\/Eole-1-1368x2048.jpg 1368w, https:\/\/zoezephyyr.com\/wp-content\/uploads\/2024\/01\/Eole-1-8x12.jpg 8w, https:\/\/zoezephyyr.com\/wp-content\/uploads\/2024\/01\/Eole-1-600x898.jpg 600w, https:\/\/zoezephyyr.com\/wp-content\/uploads\/2024\/01\/Eole-1-scaled.jpg 1283w\" sizes=\"(max-width: 684px) 100vw, 684px\" \/>\t\t\t\t\t\t\t\t<\/a>\n\t\t\t\t\t\t\t\t\t\t\t\t\t\t\t<\/div>\n\t\t\t\t<\/div>\n\t\t\t\t\t<\/div>\n\t\t<\/div>\n\t\t\t\t<div class=\"elementor-column elementor-col-33 elementor-inner-column elementor-element elementor-element-a9612ce\" data-id=\"a9612ce\" data-element_type=\"column\">\n\t\t\t<div class=\"elementor-widget-wrap elementor-element-populated\">\n\t\t\t\t\t\t<div class=\"elementor-element elementor-element-a863822 elementor-widget elementor-widget-heading\" data-id=\"a863822\" data-element_type=\"widget\" data-widget_type=\"heading.default\">\n\t\t\t\t<div class=\"elementor-widget-container\">\n\t\t\t\t\t<h2 class=\"elementor-heading-title elementor-size-default\"><a href=\"https:\/\/zoezephyyr.com\/en\/suite-mistral\/\">n\u00b01 - Suite Mistral<\/a><\/h2>\t\t\t\t<\/div>\n\t\t\t\t<\/div>\n\t\t\t\t<div class=\"elementor-element elementor-element-1549e4e elementor-widget elementor-widget-image\" data-id=\"1549e4e\" data-element_type=\"widget\" data-widget_type=\"image.default\">\n\t\t\t\t<div class=\"elementor-widget-container\">\n\t\t\t\t\t\t\t\t\t\t\t\t\t\t\t\t<a href=\"https:\/\/zoezephyyr.com\/en\/suite-mistral\/\">\n\t\t\t\t\t\t\t<img decoding=\"async\" width=\"684\" height=\"1024\" src=\"https:\/\/zoezephyyr.com\/wp-content\/uploads\/2024\/01\/Mistral-2-684x1024.jpg\" class=\"attachment-large size-large wp-image-8472\" alt=\"\" srcset=\"https:\/\/zoezephyyr.com\/wp-content\/uploads\/2024\/01\/Mistral-2-684x1024.jpg 684w, https:\/\/zoezephyyr.com\/wp-content\/uploads\/2024\/01\/Mistral-2-200x300.jpg 200w, https:\/\/zoezephyyr.com\/wp-content\/uploads\/2024\/01\/Mistral-2-768x1150.jpg 768w, https:\/\/zoezephyyr.com\/wp-content\/uploads\/2024\/01\/Mistral-2-1026x1536.jpg 1026w, https:\/\/zoezephyyr.com\/wp-content\/uploads\/2024\/01\/Mistral-2-1368x2048.jpg 1368w, https:\/\/zoezephyyr.com\/wp-content\/uploads\/2024\/01\/Mistral-2-8x12.jpg 8w, https:\/\/zoezephyyr.com\/wp-content\/uploads\/2024\/01\/Mistral-2-600x898.jpg 600w, https:\/\/zoezephyyr.com\/wp-content\/uploads\/2024\/01\/Mistral-2-scaled.jpg 1283w\" sizes=\"(max-width: 684px) 100vw, 684px\" \/>\t\t\t\t\t\t\t\t<\/a>\n\t\t\t\t\t\t\t\t\t\t\t\t\t\t\t<\/div>\n\t\t\t\t<\/div>\n\t\t\t\t\t<\/div>\n\t\t<\/div>\n\t\t\t\t<div class=\"elementor-column elementor-col-33 elementor-inner-column elementor-element elementor-element-15a5193\" data-id=\"15a5193\" data-element_type=\"column\">\n\t\t\t<div class=\"elementor-widget-wrap elementor-element-populated\">\n\t\t\t\t\t\t<div class=\"elementor-element elementor-element-187a925 elementor-widget elementor-widget-heading\" data-id=\"187a925\" data-element_type=\"widget\" data-widget_type=\"heading.default\">\n\t\t\t\t<div class=\"elementor-widget-container\">\n\t\t\t\t\t<h2 class=\"elementor-heading-title elementor-size-default\"><a href=\"https:\/\/zoezephyyr.com\/en\/suite-boree-2\/\">n\u00b01 - Suite bor\u00e9e<\/a><\/h2>\t\t\t\t<\/div>\n\t\t\t\t<\/div>\n\t\t\t\t<div class=\"elementor-element elementor-element-3bb1ccb elementor-widget elementor-widget-image\" data-id=\"3bb1ccb\" data-element_type=\"widget\" data-widget_type=\"image.default\">\n\t\t\t\t<div class=\"elementor-widget-container\">\n\t\t\t\t\t\t\t\t\t\t\t\t\t\t\t\t<a href=\"https:\/\/zoezephyyr.com\/en\/suite-boree-2\/\">\n\t\t\t\t\t\t\t<img decoding=\"async\" width=\"684\" height=\"1024\" src=\"https:\/\/zoezephyyr.com\/wp-content\/uploads\/2024\/01\/Boree-1-684x1024.jpg\" class=\"attachment-large size-large wp-image-8482\" alt=\"\" srcset=\"https:\/\/zoezephyyr.com\/wp-content\/uploads\/2024\/01\/Boree-1-684x1024.jpg 684w, https:\/\/zoezephyyr.com\/wp-content\/uploads\/2024\/01\/Boree-1-200x300.jpg 200w, https:\/\/zoezephyyr.com\/wp-content\/uploads\/2024\/01\/Boree-1-768x1150.jpg 768w, https:\/\/zoezephyyr.com\/wp-content\/uploads\/2024\/01\/Boree-1-1026x1536.jpg 1026w, https:\/\/zoezephyyr.com\/wp-content\/uploads\/2024\/01\/Boree-1-1368x2048.jpg 1368w, https:\/\/zoezephyyr.com\/wp-content\/uploads\/2024\/01\/Boree-1-8x12.jpg 8w, https:\/\/zoezephyyr.com\/wp-content\/uploads\/2024\/01\/Boree-1-600x898.jpg 600w, https:\/\/zoezephyyr.com\/wp-content\/uploads\/2024\/01\/Boree-1-scaled.jpg 1283w\" sizes=\"(max-width: 684px) 100vw, 684px\" \/>\t\t\t\t\t\t\t\t<\/a>\n\t\t\t\t\t\t\t\t\t\t\t\t\t\t\t<\/div>\n\t\t\t\t<\/div>\n\t\t\t\t\t<\/div>\n\t\t<\/div>\n\t\t\t\t\t<\/div>\n\t\t<\/section>\n\t\t\t\t<div class=\"elementor-element elementor-element-7dd01a0 elementor-widget elementor-widget-text-editor\" data-id=\"7dd01a0\" data-element_type=\"widget\" data-widget_type=\"text-editor.default\">\n\t\t\t\t<div class=\"elementor-widget-container\">\n\t\t\t\t\t\t\t\t\t<p>Le style de calligraphie, le type d&rsquo;impression et les couleurs des enveloppes, du papier, de l\u2019encre d\u2019impression sont au choix. <span style=\"color: #7a7a7a; font-family: Lora, sans-serif; font-size: 1rem;\">\u00a0<\/span><\/p>\t\t\t\t\t\t\t\t<\/div>\n\t\t\t\t<\/div>\n\t\t\t\t<div class=\"elementor-element elementor-element-58c152a elementor-align-center elementor-widget elementor-widget-button\" data-id=\"58c152a\" data-element_type=\"widget\" data-widget_type=\"button.default\">\n\t\t\t\t<div class=\"elementor-widget-container\">\n\t\t\t\t\t\t\t\t\t<div class=\"elementor-button-wrapper\">\n\t\t\t\t\t<a class=\"elementor-button elementor-button-link elementor-size-sm\" href=\"https:\/\/zoezephyyr.com\/en\/guide_des_collections\/\">\n\t\t\t\t\t\t<span class=\"elementor-button-content-wrapper\">\n\t\t\t\t\t\t\t\t\t<span class=\"elementor-button-text\">Voir le guide des collections<\/span>\n\t\t\t\t\t<\/span>\n\t\t\t\t\t<\/a>\n\t\t\t\t<\/div>\n\t\t\t\t\t\t\t\t<\/div>\n\t\t\t\t<\/div>\n\t\t\t\t<div class=\"elementor-element elementor-element-ca1d255 elementor-widget-divider--view-line elementor-widget elementor-widget-divider\" data-id=\"ca1d255\" data-element_type=\"widget\" data-widget_type=\"divider.default\">\n\t\t\t\t<div class=\"elementor-widget-container\">\n\t\t\t\t\t\t\t<div class=\"elementor-divider\">\n\t\t\t<span class=\"elementor-divider-separator\">\n\t\t\t\t\t\t<\/span>\n\t\t<\/div>\n\t\t\t\t\t\t<\/div>\n\t\t\t\t<\/div>\n\t\t\t\t<div class=\"elementor-element elementor-element-ed8579c elementor-widget elementor-widget-heading\" data-id=\"ed8579c\" data-element_type=\"widget\" data-widget_type=\"heading.default\">\n\t\t\t\t<div class=\"elementor-widget-container\">\n\t\t\t\t\t<h2 class=\"elementor-heading-title elementor-size-default\">Les \u00e9tapes<\/h2>\t\t\t\t<\/div>\n\t\t\t\t<\/div>\n\t\t\t\t<section class=\"elementor-section elementor-inner-section elementor-element elementor-element-b4e35fd elementor-section-boxed elementor-section-height-default elementor-section-height-default\" data-id=\"b4e35fd\" data-element_type=\"section\">\n\t\t\t\t\t\t<div class=\"elementor-container elementor-column-gap-default\">\n\t\t\t\t\t<div class=\"elementor-column elementor-col-100 elementor-inner-column elementor-element elementor-element-c1cbdfd\" data-id=\"c1cbdfd\" data-element_type=\"column\">\n\t\t\t<div class=\"elementor-widget-wrap elementor-element-populated\">\n\t\t\t\t\t\t<section class=\"elementor-section elementor-inner-section elementor-element elementor-element-d792b56 elementor-section-boxed elementor-section-height-default elementor-section-height-default\" data-id=\"d792b56\" data-element_type=\"section\">\n\t\t\t\t\t\t<div class=\"elementor-container elementor-column-gap-default\">\n\t\t\t\t\t<div class=\"elementor-column elementor-col-25 elementor-inner-column elementor-element elementor-element-3e7eba6\" data-id=\"3e7eba6\" data-element_type=\"column\">\n\t\t\t<div class=\"elementor-widget-wrap elementor-element-populated\">\n\t\t\t\t\t\t<div class=\"elementor-element elementor-element-e3a3321 elementor-widget elementor-widget-text-editor\" data-id=\"e3a3321\" data-element_type=\"widget\" data-widget_type=\"text-editor.default\">\n\t\t\t\t<div class=\"elementor-widget-container\">\n\t\t\t\t\t\t\t\t\t<p><strong>1. Proposition de projet &amp; devis<\/strong><\/p><p>Une fois le formulaire ci-dessous compl\u00e9t\u00e9, vous recevrez sous quelques jours une proposition de projet pr\u00e9par\u00e9e sp\u00e9cialement pour vous e<span style=\"font-size: 15.008px;\">n fonction de vos besoins et de vos souhaits<\/span><span style=\"background-color: transparent; font-size: 0.938rem;\">, avec un d\u00e9tail complet de tous les \u00e9l\u00e9ments qui composeront vos faire-part.<\/span><\/p>\t\t\t\t\t\t\t\t<\/div>\n\t\t\t\t<\/div>\n\t\t\t\t\t<\/div>\n\t\t<\/div>\n\t\t\t\t<div class=\"elementor-column elementor-col-25 elementor-inner-column elementor-element elementor-element-9889d48\" data-id=\"9889d48\" data-element_type=\"column\">\n\t\t\t<div class=\"elementor-widget-wrap elementor-element-populated\">\n\t\t\t\t\t\t<div class=\"elementor-element elementor-element-ec5dd12 elementor-widget elementor-widget-text-editor\" data-id=\"ec5dd12\" data-element_type=\"widget\" data-widget_type=\"text-editor.default\">\n\t\t\t\t<div class=\"elementor-widget-container\">\n\t\t\t\t\t\t\t\t\t<p><b>2. R\u00e9servation<\/b><\/p><p>Lorsque le projet et le devis vous conviennent, vous pouvez signer le contrat et d\u00e9poser un acompte de 40% non remboursable. Votre projet est d\u00e9sormais bloqu\u00e9 dans mon calendrier et nous pouvons commencer le design de vos faire-part. Un questionnaire vous sera alors envoy\u00e9 pour r\u00e9colter vos inspirations et vos textes.\u00a0<\/p>\t\t\t\t\t\t\t\t<\/div>\n\t\t\t\t<\/div>\n\t\t\t\t\t<\/div>\n\t\t<\/div>\n\t\t\t\t<div class=\"elementor-column elementor-col-25 elementor-inner-column elementor-element elementor-element-237140a\" data-id=\"237140a\" data-element_type=\"column\">\n\t\t\t<div class=\"elementor-widget-wrap elementor-element-populated\">\n\t\t\t\t\t\t<div class=\"elementor-element elementor-element-86e6ac9 elementor-widget elementor-widget-text-editor\" data-id=\"86e6ac9\" data-element_type=\"widget\" data-widget_type=\"text-editor.default\">\n\t\t\t\t<div class=\"elementor-widget-container\">\n\t\t\t\t\t\t\t\t\t<p><strong>3. Design &amp; r\u00e9visions<\/strong><\/p><p>Je pr\u00e9pare une premi\u00e8re proposition de design sous une ou deux semaines. Cette proposition num\u00e9rique est tr\u00e8s ressemblante au r\u00e9sultat final, et vous aidera \u00e0 visualiser votre papeterie.\u00a0<br \/>2 tours de r\u00e9visions sont pr\u00e9vus pour parfaire le design.<\/p>\t\t\t\t\t\t\t\t<\/div>\n\t\t\t\t<\/div>\n\t\t\t\t\t<\/div>\n\t\t<\/div>\n\t\t\t\t<div class=\"elementor-column elementor-col-25 elementor-inner-column elementor-element elementor-element-3baa7b3\" data-id=\"3baa7b3\" data-element_type=\"column\">\n\t\t\t<div class=\"elementor-widget-wrap elementor-element-populated\">\n\t\t\t\t\t\t<div class=\"elementor-element elementor-element-d625d8d elementor-widget elementor-widget-text-editor\" data-id=\"d625d8d\" data-element_type=\"widget\" data-widget_type=\"text-editor.default\">\n\t\t\t\t<div class=\"elementor-widget-container\">\n\t\t\t\t\t\t\t\t\t<p><strong>4. Production &amp; envoi<\/strong><\/p><p><span style=\"background-color: transparent; font-size: 0.938rem;\">Une fois le Bon \u00e0 Tirer sign\u00e9, votre papeterie part en production : fabrication du papier, impression puis assemblage, cela peut prendre entre 3 et 6 semaines en fonction du papier, des embellissements, des quantit\u00e9s et de mon calendrier actuel.\u00a0<br \/>Une fois les faire-part pr\u00eats, ils sont exp\u00e9di\u00e9s par mes soins \u00e0 vos invit\u00e9s ou directement chez vous selon vos pr\u00e9f\u00e9rences.\u00a0<\/span><\/p>\t\t\t\t\t\t\t\t<\/div>\n\t\t\t\t<\/div>\n\t\t\t\t\t<\/div>\n\t\t<\/div>\n\t\t\t\t\t<\/div>\n\t\t<\/section>\n\t\t\t\t\t<\/div>\n\t\t<\/div>\n\t\t\t\t\t<\/div>\n\t\t<\/section>\n\t\t\t\t<div class=\"elementor-element elementor-element-bb4ece1 elementor-widget-divider--view-line elementor-widget elementor-widget-divider\" data-id=\"bb4ece1\" data-element_type=\"widget\" data-widget_type=\"divider.default\">\n\t\t\t\t<div class=\"elementor-widget-container\">\n\t\t\t\t\t\t\t<div class=\"elementor-divider\">\n\t\t\t<span class=\"elementor-divider-separator\">\n\t\t\t\t\t\t<\/span>\n\t\t<\/div>\n\t\t\t\t\t\t<\/div>\n\t\t\t\t<\/div>\n\t\t\t\t<div class=\"elementor-element elementor-element-4764e8b elementor-widget elementor-widget-html\" data-id=\"4764e8b\" data-element_type=\"widget\" data-widget_type=\"html.default\">\n\t\t\t\t<div class=\"elementor-widget-container\">\n\t\t\t\t\t<script type=\"text\/javascript\" src=\"https:\/\/cdnjs.cloudflare.com\/ajax\/libs\/iframe-resizer\/3.5.14\/iframeResizer.min.js\"><\/script><iframe src=\"https:\/\/hello.dubsado.com\/public\/form\/view\/6592a8c793099d003a2bd119\" frameborder=\"0\" style=\"width:1px; min-width:100%;\"><\/iframe><script type=\"text\/javascript\">setTimeout(function(){iFrameResize({checkOrigin: false, heightCalculationMethod: \"taggedElement\"});}, 30)<\/script>\t\t\t\t<\/div>\n\t\t\t\t<\/div>\n\t\t\t\t\t<\/div>\n\t\t<\/div>\n\t\t\t\t\t<\/div>\n\t\t<\/section>\n\t\t\t\t<\/div>","protected":false},"excerpt":{"rendered":"<p>Collections semi-mesure Les collections sont des suites semi-personnalisables. Le design et les illustrations des pi\u00e8ces ne changent pas, tous les textes et titres calligraphi\u00e9s sont modifiables. Cliquez sur une collection pour la voir en d\u00e9tails n\u00b01 &#8211; Suite \u00c9ole n\u00b01 &#8211; Suite Mistral n\u00b01 &#8211; Suite bor\u00e9e Le style de calligraphie, le type d&rsquo;impression et [&hellip;]<\/p>","protected":false},"author":1,"featured_media":0,"parent":0,"menu_order":0,"comment_status":"closed","ping_status":"closed","template":"","meta":{"_seopress_robots_primary_cat":"","_seopress_titles_title":"","_seopress_titles_desc":"","_seopress_robots_index":"","footnotes":""},"class_list":["post-8388","page","type-page","status-publish","hentry"],"jetpack_sharing_enabled":true,"_links":{"self":[{"href":"https:\/\/zoezephyyr.com\/en\/wp-json\/wp\/v2\/pages\/8388","targetHints":{"allow":["GET"]}}],"collection":[{"href":"https:\/\/zoezephyyr.com\/en\/wp-json\/wp\/v2\/pages"}],"about":[{"href":"https:\/\/zoezephyyr.com\/en\/wp-json\/wp\/v2\/types\/page"}],"author":[{"embeddable":true,"href":"https:\/\/zoezephyyr.com\/en\/wp-json\/wp\/v2\/users\/1"}],"replies":[{"embeddable":true,"href":"https:\/\/zoezephyyr.com\/en\/wp-json\/wp\/v2\/comments?post=8388"}],"version-history":[{"count":19,"href":"https:\/\/zoezephyyr.com\/en\/wp-json\/wp\/v2\/pages\/8388\/revisions"}],"predecessor-version":[{"id":9101,"href":"https:\/\/zoezephyyr.com\/en\/wp-json\/wp\/v2\/pages\/8388\/revisions\/9101"}],"wp:attachment":[{"href":"https:\/\/zoezephyyr.com\/en\/wp-json\/wp\/v2\/media?parent=8388"}],"curies":[{"name":"wp","href":"https:\/\/api.w.org\/{rel}","templated":true}]}}