{"id":6118,"date":"2021-12-26T19:14:39","date_gmt":"2021-12-26T18:14:39","guid":{"rendered":"https:\/\/zoezephyyr.com\/page-daccueil\/"},"modified":"2021-12-26T19:14:43","modified_gmt":"2021-12-26T18:14:43","slug":"page-daccueil","status":"publish","type":"page","link":"https:\/\/zoezephyyr.com\/en\/","title":{"rendered":"Page d\u2019accueil"},"content":{"rendered":"<div class=\"wp-block-cover\" style=\"background-image:url(https:\/\/zoezephyyr.com\/wp-content\/uploads\/2021\/12\/other-small.jpg)\"><div class=\"wp-block-cover__inner-container is-layout-flow wp-block-cover-is-layout-flow\">\n\t\t\t<p class=\"has-text-align-center has-large-font-size\">Bienvenue dans la boutique<\/p>\n\t\t\t\n\n\t\t\t\n\t\t\t<p class=\"has-text-color has-text-align-center\">R\u00e9diger un bref message de bienvenue ici<\/p>\n\t\t\t\n\n\t\t\t\n\t\t\t<div class=\"wp-block-button aligncenter\"><a href=\"\" class=\"wp-block-button__link\">Faire des achats<\/a><\/div>\n\t\t\t<\/div><\/div>\n\t\t\t\n\t\t\t\t\n\t\t\t\t<h2 class=\"wp-block-heading\" style=\"text-align:center\">Achat par cat\u00e9gorie<\/h2>\n\t\t\t\t\n\t\t\t\t<div class=\"woocommerce columns-4\"><ul class=\"products columns-4\">\n<li class=\"product-category product first\">\n\t<a aria-label=\"Visit product category Espace Pro\" href=\"https:\/\/zoezephyyr.com\/en\/product-category\/espace-pro\/\"><img fetchpriority=\"high\" decoding=\"async\" src=\"https:\/\/zoezephyyr.com\/wp-content\/uploads\/woocommerce-placeholder.png\" alt=\"Espace Pro\" width=\"300\" height=\"300\" \/>\t\t<h2 class=\"woocommerce-loop-category__title\">\n\t\t\tEspace Pro <mark class=\"count\">(1)<\/mark>\t\t<\/h2>\n\t\t<\/a><\/li>\n<li class=\"product-category product\">\n\t<a aria-label=\"Visit product category Papier artisanal\" href=\"https:\/\/zoezephyyr.com\/en\/product-category\/papier-artisanal\/\"><img decoding=\"async\" src=\"https:\/\/zoezephyyr.com\/wp-content\/uploads\/2022\/07\/1EC5F6F6-F3A7-4125-803E-DBC03016AFA1-300x300.jpg\" alt=\"Papier artisanal\" width=\"300\" height=\"300\" srcset=\"https:\/\/zoezephyyr.com\/wp-content\/uploads\/2022\/07\/1EC5F6F6-F3A7-4125-803E-DBC03016AFA1-300x300.jpg 300w, https:\/\/zoezephyyr.com\/wp-content\/uploads\/2022\/07\/1EC5F6F6-F3A7-4125-803E-DBC03016AFA1-150x150.jpg 150w, https:\/\/zoezephyyr.com\/wp-content\/uploads\/2022\/07\/1EC5F6F6-F3A7-4125-803E-DBC03016AFA1-100x100.jpg 100w\" sizes=\"(max-width: 300px) 100vw, 300px\" \/>\t\t<h2 class=\"woocommerce-loop-category__title\">\n\t\t\tPapier artisanal <mark class=\"count\">(1)<\/mark>\t\t<\/h2>\n\t\t<\/a><\/li>\n<li class=\"product-category product\">\n\t<a aria-label=\"Visit product category Papier recycl\u00e9\" href=\"https:\/\/zoezephyyr.com\/en\/product-category\/papier-recycle\/\">\t\t<h2 class=\"woocommerce-loop-category__title\">\n\t\t\tRecycled paper <mark class=\"count\">(1)<\/mark>\t\t<\/h2>\n\t\t<\/a><\/li>\n<\/ul>\n<\/div>\n\n\t\t\t\t\n\t\t\t\t<h2 class=\"wp-block-heading\" style=\"text-align:center\">Nouveaut\u00e9s<\/h2>\n\t\t\t\t\n\t\t\t\t<div data-block-name=\"woocommerce\/product-new\" data-columns=\"4\" class=\"wc-block-grid wp-block-product-new wp-block-woocommerce-product-new wc-block-product-new has-4-columns has-multiple-rows\"><ul class=\"wc-block-grid__products\"><li class=\"wc-block-grid__product\">\n\t\t\t\t<a href=\"https:\/\/zoezephyyr.com\/en\/product\/pro-papier-coton-lin\/\" class=\"wc-block-grid__product-link\">\n\t\t\t\t\t\n\t\t\t\t\t<div class=\"wc-block-grid__product-image\"><img decoding=\"async\" width=\"300\" height=\"300\" src=\"https:\/\/zoezephyyr.com\/wp-content\/uploads\/2022\/07\/1EC5F6F6-F3A7-4125-803E-DBC03016AFA1-300x300.jpg\" class=\"attachment-woocommerce_thumbnail size-woocommerce_thumbnail\" alt=\"PRO - Papier Coton\/Lin\" srcset=\"https:\/\/zoezephyyr.com\/wp-content\/uploads\/2022\/07\/1EC5F6F6-F3A7-4125-803E-DBC03016AFA1-300x300.jpg 300w, https:\/\/zoezephyyr.com\/wp-content\/uploads\/2022\/07\/1EC5F6F6-F3A7-4125-803E-DBC03016AFA1-150x150.jpg 150w, https:\/\/zoezephyyr.com\/wp-content\/uploads\/2022\/07\/1EC5F6F6-F3A7-4125-803E-DBC03016AFA1-100x100.jpg 100w\" sizes=\"(max-width: 300px) 100vw, 300px\" \/><\/div>\n\t\t\t\t\t<div class=\"wc-block-grid__product-title\">PRO &#8211; Papier Coton\/Lin<\/div>\n\t\t\t\t<\/a>\n\t\t\t\t<div class=\"wc-block-grid__product-price price\"><span class=\"woocommerce-Price-amount amount\">50,00&nbsp;<span class=\"woocommerce-Price-currencySymbol\">\u20ac<\/span><\/span><\/div>\n\t\t\t\t\n\t\t\t\t<div class=\"wp-block-button wc-block-grid__product-add-to-cart\"><a href=\"https:\/\/zoezephyyr.com\/en\/product\/pro-papier-coton-lin\/\" aria-label=\"Select options for &ldquo;PRO - Papier Coton\/Lin&rdquo;\" data-quantity=\"1\" data-product_id=\"8290\" data-product_sku=\"\" data-price=\"50\" rel=\"nofollow\" class=\"wp-block-button__link  add_to_cart_button\">Select options<\/a><\/div>\n\t\t\t<\/li><li class=\"wc-block-grid__product\">\n\t\t\t\t<a href=\"https:\/\/zoezephyyr.com\/en\/product\/sable-recycle\/\" class=\"wc-block-grid__product-link\">\n\t\t\t\t\t\n\t\t\t\t\t<div class=\"wc-block-grid__product-image\"><img loading=\"lazy\" decoding=\"async\" width=\"300\" height=\"300\" src=\"https:\/\/zoezephyyr.com\/wp-content\/uploads\/2022\/10\/Sable-1-300x300.jpg\" class=\"attachment-woocommerce_thumbnail size-woocommerce_thumbnail\" alt=\"Sable - Recycl\u00e9\" srcset=\"https:\/\/zoezephyyr.com\/wp-content\/uploads\/2022\/10\/Sable-1-300x300.jpg 300w, https:\/\/zoezephyyr.com\/wp-content\/uploads\/2022\/10\/Sable-1-150x150.jpg 150w, https:\/\/zoezephyyr.com\/wp-content\/uploads\/2022\/10\/Sable-1-100x100.jpg 100w\" sizes=\"(max-width: 300px) 100vw, 300px\" \/><\/div>\n\t\t\t\t\t<div class=\"wc-block-grid__product-title\">Sand - Recycled<\/div>\n\t\t\t\t<\/a>\n\t\t\t\t<div class=\"wc-block-grid__product-price price\"><\/div>\n\t\t\t\t\n\t\t\t\t<div class=\"wp-block-button wc-block-grid__product-add-to-cart\"><a href=\"https:\/\/zoezephyyr.com\/en\/product\/sable-recycle\/\" aria-label=\"Select options for &ldquo;Sable - Recycl\u00e9&rdquo;\" data-quantity=\"1\" data-product_id=\"7316\" data-product_sku=\"\" data-price=\"0\" rel=\"nofollow\" class=\"wp-block-button__link  add_to_cart_button\">Read more<\/a><\/div>\n\t\t\t<\/li><\/ul><\/div>\n\t\t\t\t\n\t\t\t\t<h2 class=\"wp-block-heading\" style=\"text-align:center\">Produits pr\u00e9f\u00e9r\u00e9s de vos clients<\/h2>\n\t\t\t\t\n\t\t\t\t<div data-block-name=\"woocommerce\/product-top-rated\" data-columns=\"4\" class=\"wc-block-grid wp-block-product-top-rated wp-block-woocommerce-product-top-rated wc-block-product-top-rated has-4-columns has-multiple-rows\"><ul class=\"wc-block-grid__products\"><li class=\"wc-block-grid__product\">\n\t\t\t\t<a href=\"https:\/\/zoezephyyr.com\/en\/product\/pro-papier-coton-lin\/\" class=\"wc-block-grid__product-link\">\n\t\t\t\t\t\n\t\t\t\t\t<div class=\"wc-block-grid__product-image\"><img decoding=\"async\" width=\"300\" height=\"300\" src=\"https:\/\/zoezephyyr.com\/wp-content\/uploads\/2022\/07\/1EC5F6F6-F3A7-4125-803E-DBC03016AFA1-300x300.jpg\" class=\"attachment-woocommerce_thumbnail size-woocommerce_thumbnail\" alt=\"PRO - Papier Coton\/Lin\" srcset=\"https:\/\/zoezephyyr.com\/wp-content\/uploads\/2022\/07\/1EC5F6F6-F3A7-4125-803E-DBC03016AFA1-300x300.jpg 300w, https:\/\/zoezephyyr.com\/wp-content\/uploads\/2022\/07\/1EC5F6F6-F3A7-4125-803E-DBC03016AFA1-150x150.jpg 150w, https:\/\/zoezephyyr.com\/wp-content\/uploads\/2022\/07\/1EC5F6F6-F3A7-4125-803E-DBC03016AFA1-100x100.jpg 100w\" sizes=\"(max-width: 300px) 100vw, 300px\" \/><\/div>\n\t\t\t\t\t<div class=\"wc-block-grid__product-title\">PRO &#8211; Papier Coton\/Lin<\/div>\n\t\t\t\t<\/a>\n\t\t\t\t<div class=\"wc-block-grid__product-price price\"><span class=\"woocommerce-Price-amount amount\">50,00&nbsp;<span class=\"woocommerce-Price-currencySymbol\">\u20ac<\/span><\/span><\/div>\n\t\t\t\t\n\t\t\t\t<div class=\"wp-block-button wc-block-grid__product-add-to-cart\"><a href=\"https:\/\/zoezephyyr.com\/en\/product\/pro-papier-coton-lin\/\" aria-label=\"Select options for &ldquo;PRO - Papier Coton\/Lin&rdquo;\" data-quantity=\"1\" data-product_id=\"8290\" data-product_sku=\"\" data-price=\"50\" rel=\"nofollow\" class=\"wp-block-button__link  add_to_cart_button\">Select options<\/a><\/div>\n\t\t\t<\/li><li class=\"wc-block-grid__product\">\n\t\t\t\t<a href=\"https:\/\/zoezephyyr.com\/en\/product\/sable-recycle\/\" class=\"wc-block-grid__product-link\">\n\t\t\t\t\t\n\t\t\t\t\t<div class=\"wc-block-grid__product-image\"><img loading=\"lazy\" decoding=\"async\" width=\"300\" height=\"300\" src=\"https:\/\/zoezephyyr.com\/wp-content\/uploads\/2022\/10\/Sable-1-300x300.jpg\" class=\"attachment-woocommerce_thumbnail size-woocommerce_thumbnail\" alt=\"Sable - Recycl\u00e9\" srcset=\"https:\/\/zoezephyyr.com\/wp-content\/uploads\/2022\/10\/Sable-1-300x300.jpg 300w, https:\/\/zoezephyyr.com\/wp-content\/uploads\/2022\/10\/Sable-1-150x150.jpg 150w, https:\/\/zoezephyyr.com\/wp-content\/uploads\/2022\/10\/Sable-1-100x100.jpg 100w\" sizes=\"(max-width: 300px) 100vw, 300px\" \/><\/div>\n\t\t\t\t\t<div class=\"wc-block-grid__product-title\">Sand - Recycled<\/div>\n\t\t\t\t<\/a>\n\t\t\t\t<div class=\"wc-block-grid__product-price price\"><\/div>\n\t\t\t\t\n\t\t\t\t<div class=\"wp-block-button wc-block-grid__product-add-to-cart\"><a href=\"https:\/\/zoezephyyr.com\/en\/product\/sable-recycle\/\" aria-label=\"Select options for &ldquo;Sable - Recycl\u00e9&rdquo;\" data-quantity=\"1\" data-product_id=\"7316\" data-product_sku=\"\" data-price=\"0\" rel=\"nofollow\" class=\"wp-block-button__link  add_to_cart_button\">Read more<\/a><\/div>\n\t\t\t<\/li><\/ul><\/div>\n\t\t\t\t\n\t\t\t\t<h2 class=\"wp-block-heading\" style=\"text-align:center\">En promotion<\/h2>\n\t\t\t\t\n\t\t\t\t\n\t\t\t\t\n\t\t\t\t<h2 class=\"wp-block-heading\" style=\"text-align:center\">Meilleurs produits<\/h2>\n\t\t\t\t\n\t\t\t\t<div data-block-name=\"woocommerce\/product-best-sellers\" data-columns=\"4\" class=\"wc-block-grid wp-block-product-best-sellers wp-block-woocommerce-product-best-sellers wc-block-product-best-sellers has-4-columns has-multiple-rows\"><ul class=\"wc-block-grid__products\"><li class=\"wc-block-grid__product\">\n\t\t\t\t<a href=\"https:\/\/zoezephyyr.com\/en\/product\/sable-recycle\/\" class=\"wc-block-grid__product-link\">\n\t\t\t\t\t\n\t\t\t\t\t<div class=\"wc-block-grid__product-image\"><img loading=\"lazy\" decoding=\"async\" width=\"300\" height=\"300\" src=\"https:\/\/zoezephyyr.com\/wp-content\/uploads\/2022\/10\/Sable-1-300x300.jpg\" class=\"attachment-woocommerce_thumbnail size-woocommerce_thumbnail\" alt=\"Sable - Recycl\u00e9\" srcset=\"https:\/\/zoezephyyr.com\/wp-content\/uploads\/2022\/10\/Sable-1-300x300.jpg 300w, https:\/\/zoezephyyr.com\/wp-content\/uploads\/2022\/10\/Sable-1-150x150.jpg 150w, https:\/\/zoezephyyr.com\/wp-content\/uploads\/2022\/10\/Sable-1-100x100.jpg 100w\" sizes=\"(max-width: 300px) 100vw, 300px\" \/><\/div>\n\t\t\t\t\t<div class=\"wc-block-grid__product-title\">Sand - Recycled<\/div>\n\t\t\t\t<\/a>\n\t\t\t\t<div class=\"wc-block-grid__product-price price\"><\/div>\n\t\t\t\t\n\t\t\t\t<div class=\"wp-block-button wc-block-grid__product-add-to-cart\"><a href=\"https:\/\/zoezephyyr.com\/en\/product\/sable-recycle\/\" aria-label=\"Select options for &ldquo;Sable - Recycl\u00e9&rdquo;\" data-quantity=\"1\" data-product_id=\"7316\" data-product_sku=\"\" data-price=\"0\" rel=\"nofollow\" class=\"wp-block-button__link  add_to_cart_button\">Read more<\/a><\/div>\n\t\t\t<\/li><li class=\"wc-block-grid__product\">\n\t\t\t\t<a href=\"https:\/\/zoezephyyr.com\/en\/product\/pro-papier-coton-lin\/\" class=\"wc-block-grid__product-link\">\n\t\t\t\t\t\n\t\t\t\t\t<div class=\"wc-block-grid__product-image\"><img decoding=\"async\" width=\"300\" height=\"300\" src=\"https:\/\/zoezephyyr.com\/wp-content\/uploads\/2022\/07\/1EC5F6F6-F3A7-4125-803E-DBC03016AFA1-300x300.jpg\" class=\"attachment-woocommerce_thumbnail size-woocommerce_thumbnail\" alt=\"PRO - Papier Coton\/Lin\" srcset=\"https:\/\/zoezephyyr.com\/wp-content\/uploads\/2022\/07\/1EC5F6F6-F3A7-4125-803E-DBC03016AFA1-300x300.jpg 300w, https:\/\/zoezephyyr.com\/wp-content\/uploads\/2022\/07\/1EC5F6F6-F3A7-4125-803E-DBC03016AFA1-150x150.jpg 150w, https:\/\/zoezephyyr.com\/wp-content\/uploads\/2022\/07\/1EC5F6F6-F3A7-4125-803E-DBC03016AFA1-100x100.jpg 100w\" sizes=\"(max-width: 300px) 100vw, 300px\" \/><\/div>\n\t\t\t\t\t<div class=\"wc-block-grid__product-title\">PRO &#8211; Papier Coton\/Lin<\/div>\n\t\t\t\t<\/a>\n\t\t\t\t<div class=\"wc-block-grid__product-price price\"><span class=\"woocommerce-Price-amount amount\">50,00&nbsp;<span class=\"woocommerce-Price-currencySymbol\">\u20ac<\/span><\/span><\/div>\n\t\t\t\t\n\t\t\t\t<div class=\"wp-block-button wc-block-grid__product-add-to-cart\"><a href=\"https:\/\/zoezephyyr.com\/en\/product\/pro-papier-coton-lin\/\" aria-label=\"Select options for &ldquo;PRO - Papier Coton\/Lin&rdquo;\" data-quantity=\"1\" data-product_id=\"8290\" data-product_sku=\"\" data-price=\"50\" rel=\"nofollow\" class=\"wp-block-button__link  add_to_cart_button\">Select options<\/a><\/div>\n\t\t\t<\/li><\/ul><\/div>","protected":false},"excerpt":{"rendered":"<p>Achat par cat\u00e9gorie Nouveaut\u00e9s Produits pr\u00e9f\u00e9r\u00e9s de vos clients En promotion Meilleurs produits<\/p>","protected":false},"author":1,"featured_media":0,"parent":0,"menu_order":0,"comment_status":"closed","ping_status":"closed","template":"","meta":{"_seopress_robots_primary_cat":"","_seopress_titles_title":"","_seopress_titles_desc":"","_seopress_robots_index":"","footnotes":""},"class_list":["post-6118","page","type-page","status-publish","hentry"],"jetpack_sharing_enabled":true,"_links":{"self":[{"href":"https:\/\/zoezephyyr.com\/en\/wp-json\/wp\/v2\/pages\/6118","targetHints":{"allow":["GET"]}}],"collection":[{"href":"https:\/\/zoezephyyr.com\/en\/wp-json\/wp\/v2\/pages"}],"about":[{"href":"https:\/\/zoezephyyr.com\/en\/wp-json\/wp\/v2\/types\/page"}],"author":[{"embeddable":true,"href":"https:\/\/zoezephyyr.com\/en\/wp-json\/wp\/v2\/users\/1"}],"replies":[{"embeddable":true,"href":"https:\/\/zoezephyyr.com\/en\/wp-json\/wp\/v2\/comments?post=6118"}],"version-history":[{"count":2,"href":"https:\/\/zoezephyyr.com\/en\/wp-json\/wp\/v2\/pages\/6118\/revisions"}],"predecessor-version":[{"id":6124,"href":"https:\/\/zoezephyyr.com\/en\/wp-json\/wp\/v2\/pages\/6118\/revisions\/6124"}],"wp:attachment":[{"href":"https:\/\/zoezephyyr.com\/en\/wp-json\/wp\/v2\/media?parent=6118"}],"curies":[{"name":"wp","href":"https:\/\/api.w.org\/{rel}","templated":true}]}}