{"id":6079,"date":"2021-12-28T14:33:04","date_gmt":"2021-12-28T13:33:04","guid":{"rendered":"https:\/\/zoezephyyr.com\/?page_id=6079"},"modified":"2022-07-03T14:59:02","modified_gmt":"2022-07-03T12:59:02","slug":"remboursements_retours","status":"publish","type":"page","link":"https:\/\/zoezephyyr.com\/en\/remboursements_retours\/","title":{"rendered":"Shipping and returns"},"content":{"rendered":"<h2 class=\"wp-block-heading\">SHIPPING<\/h2>\n\n\n\n<p>To this day, Zoezephyyr ships worldwide.<br>If your country does not appears in the list, please feel free to send a request via the contact form. <\/p>\n\n\n\n<p><\/p>\n\n\n\n<p>Orders are shipped within 5 to 10 working days except in the case of pre-orders where the delivery time will be indicated in the product description. <\/p>\n\n\n\n<h2 class=\"wp-block-heading\">SHIPPING COSTS<\/h2>\n\n\n\n<p>You can choose between 2 shipping methods:<\/p>\n\n\n\n<p>\u2013 Home delivery: via tracked letter or parcel depending on the quantity of items ordered. The delivery time is 2 to 7 working days to France, and 2 to 14 days to other countries. The amount of shipping costs is automatically calculated in your basket. INTERNATIONAL ORDERS : Your order may be subject to import duties and taxes once a shipment reaches your destination country. Zoezephyyr is not responsible for these charges if they are applied and they are your responsibility as a customer. <\/p>\n\n\n\n<p>\u2013 Mondial Relay: delivery to the pick-up point of your choice. Please specify your pick-up point in the order notes when validating the order. The delivery time is approximately 3 working days. For France only, fixed rate of \u20ac5. <\/p>\n\n\n\n<p>If you have any doubts about the amount of shipping costs, do not hesitate to contact Zoezephyyr.<\/p>\n\n\n\n<p>Do not forget that delivery in France is free from 100\u20ac of purchase via Mondial Relay. <\/p>\n\n\n\n<h2 class=\"wp-block-heading\">RETURNS AND EXCHANGES<\/h2>\n\n\n\n<p>Zoezephyyr is committed to carefully packaging orders. If, despite our attention, a product arrives damaged, please contact us within 5 days of receipt of your order, attaching photos and a detailed description of the problem so that we can resolve it directly with you.<\/p>\n\n\n\n<p>If you are unsure and have any questions, do not hesitate to contact us. We will come back to you as soon as possible to help you.<br><\/p>\n\n\n\n<p>Return and delivery costs will be your responsibility.<\/p>","protected":false},"excerpt":{"rendered":"<p>LIVRAISON \u00c0 ce jour, Zoezephyyr livre uniquement en France et dans certains pays de l&rsquo;Union Europ\u00e9enne. (Allemagne, Italie, Espagne, Gr\u00e8ce, Belgique, Portugal et Autriche)L&rsquo;exp\u00e9dition \u00e0 d&rsquo;autres pays sera prochainement \u00e9tendue. En attendant, n&rsquo;h\u00e9sitez pas \u00e0 contacter directement Zoezephyyr pour une livraison dans un autre pays. Les commandes sont exp\u00e9di\u00e9s dans un d\u00e9lai de 5 \u00e0 [&hellip;]<\/p>","protected":false},"author":1,"featured_media":0,"parent":0,"menu_order":0,"comment_status":"closed","ping_status":"closed","template":"","meta":{"_seopress_robots_primary_cat":"","_seopress_titles_title":"","_seopress_titles_desc":"","_seopress_robots_index":"","footnotes":""},"class_list":["post-6079","page","type-page","status-publish","hentry"],"jetpack_sharing_enabled":true,"_links":{"self":[{"href":"https:\/\/zoezephyyr.com\/en\/wp-json\/wp\/v2\/pages\/6079","targetHints":{"allow":["GET"]}}],"collection":[{"href":"https:\/\/zoezephyyr.com\/en\/wp-json\/wp\/v2\/pages"}],"about":[{"href":"https:\/\/zoezephyyr.com\/en\/wp-json\/wp\/v2\/types\/page"}],"author":[{"embeddable":true,"href":"https:\/\/zoezephyyr.com\/en\/wp-json\/wp\/v2\/users\/1"}],"replies":[{"embeddable":true,"href":"https:\/\/zoezephyyr.com\/en\/wp-json\/wp\/v2\/comments?post=6079"}],"version-history":[{"count":7,"href":"https:\/\/zoezephyyr.com\/en\/wp-json\/wp\/v2\/pages\/6079\/revisions"}],"predecessor-version":[{"id":6920,"href":"https:\/\/zoezephyyr.com\/en\/wp-json\/wp\/v2\/pages\/6079\/revisions\/6920"}],"wp:attachment":[{"href":"https:\/\/zoezephyyr.com\/en\/wp-json\/wp\/v2\/media?parent=6079"}],"curies":[{"name":"wp","href":"https:\/\/api.w.org\/{rel}","templated":true}]}}