{"id":5902,"date":"2021-10-29T01:16:36","date_gmt":"2021-10-28T23:16:36","guid":{"rendered":"https:\/\/zoezephyyr.com\/?page_id=5902"},"modified":"2024-01-01T21:02:10","modified_gmt":"2024-01-01T20:02:10","slug":"suite-boree-2","status":"publish","type":"page","link":"https:\/\/zoezephyyr.com\/en\/suite-boree-2\/","title":{"rendered":"Suite Bor\u00e9e"},"content":{"rendered":"<div data-elementor-type=\"wp-page\" data-elementor-id=\"5902\" class=\"elementor elementor-5902\" data-elementor-post-type=\"page\">\n\t\t\t\t\t\t<section class=\"elementor-section elementor-top-section elementor-element elementor-element-109a709 elementor-section-boxed elementor-section-height-default elementor-section-height-default\" data-id=\"109a709\" data-element_type=\"section\">\n\t\t\t\t\t\t<div class=\"elementor-container elementor-column-gap-default\">\n\t\t\t\t\t<div class=\"elementor-column elementor-col-100 elementor-top-column elementor-element elementor-element-ae35eb7\" data-id=\"ae35eb7\" data-element_type=\"column\">\n\t\t\t<div class=\"elementor-widget-wrap elementor-element-populated\">\n\t\t\t\t\t\t<div class=\"elementor-element elementor-element-1f7889e elementor-widget elementor-widget-heading\" data-id=\"1f7889e\" data-element_type=\"widget\" data-widget_type=\"heading.default\">\n\t\t\t\t<div class=\"elementor-widget-container\">\n\t\t\t\t\t<h1 class=\"elementor-heading-title elementor-size-default\">n\u00b03 - Suite Bor\u00e9e<\/h1>\t\t\t\t<\/div>\n\t\t\t\t<\/div>\n\t\t\t\t\t<\/div>\n\t\t<\/div>\n\t\t\t\t\t<\/div>\n\t\t<\/section>\n\t\t\t\t<section class=\"elementor-section elementor-top-section elementor-element elementor-element-48675db elementor-section-boxed elementor-section-height-default elementor-section-height-default\" data-id=\"48675db\" data-element_type=\"section\">\n\t\t\t\t\t\t<div class=\"elementor-container elementor-column-gap-default\">\n\t\t\t\t\t<div class=\"elementor-column elementor-col-100 elementor-top-column elementor-element elementor-element-2ffbcb1\" data-id=\"2ffbcb1\" data-element_type=\"column\">\n\t\t\t<div class=\"elementor-widget-wrap elementor-element-populated\">\n\t\t\t\t\t\t<section class=\"elementor-section elementor-inner-section elementor-element elementor-element-590bc95 elementor-section-boxed elementor-section-height-default elementor-section-height-default\" data-id=\"590bc95\" data-element_type=\"section\">\n\t\t\t\t\t\t<div class=\"elementor-container elementor-column-gap-default\">\n\t\t\t\t\t<div class=\"elementor-column elementor-col-50 elementor-inner-column elementor-element elementor-element-f119ff7\" data-id=\"f119ff7\" data-element_type=\"column\">\n\t\t\t<div class=\"elementor-widget-wrap elementor-element-populated\">\n\t\t\t\t\t\t<div class=\"elementor-element elementor-element-0106699 elementor-widget elementor-widget-image\" data-id=\"0106699\" data-element_type=\"widget\" data-widget_type=\"image.default\">\n\t\t\t\t<div class=\"elementor-widget-container\">\n\t\t\t\t\t\t\t\t\t\t\t\t\t\t\t<img fetchpriority=\"high\" decoding=\"async\" width=\"684\" height=\"1024\" src=\"https:\/\/zoezephyyr.com\/wp-content\/uploads\/2024\/01\/Boree-1-684x1024.jpg\" class=\"attachment-large size-large wp-image-8482\" alt=\"\" srcset=\"https:\/\/zoezephyyr.com\/wp-content\/uploads\/2024\/01\/Boree-1-684x1024.jpg 684w, https:\/\/zoezephyyr.com\/wp-content\/uploads\/2024\/01\/Boree-1-200x300.jpg 200w, https:\/\/zoezephyyr.com\/wp-content\/uploads\/2024\/01\/Boree-1-768x1150.jpg 768w, https:\/\/zoezephyyr.com\/wp-content\/uploads\/2024\/01\/Boree-1-1026x1536.jpg 1026w, https:\/\/zoezephyyr.com\/wp-content\/uploads\/2024\/01\/Boree-1-1368x2048.jpg 1368w, https:\/\/zoezephyyr.com\/wp-content\/uploads\/2024\/01\/Boree-1-8x12.jpg 8w, https:\/\/zoezephyyr.com\/wp-content\/uploads\/2024\/01\/Boree-1-600x898.jpg 600w, https:\/\/zoezephyyr.com\/wp-content\/uploads\/2024\/01\/Boree-1-scaled.jpg 1283w\" sizes=\"(max-width: 684px) 100vw, 684px\" \/>\t\t\t\t\t\t\t\t\t\t\t\t\t\t\t<\/div>\n\t\t\t\t<\/div>\n\t\t\t\t\t<\/div>\n\t\t<\/div>\n\t\t\t\t<div class=\"elementor-column elementor-col-50 elementor-inner-column elementor-element elementor-element-a2f8e0a\" data-id=\"a2f8e0a\" data-element_type=\"column\">\n\t\t\t<div class=\"elementor-widget-wrap elementor-element-populated\">\n\t\t\t\t\t\t<div class=\"elementor-element elementor-element-73a6942 elementor-widget elementor-widget-text-editor\" data-id=\"73a6942\" data-element_type=\"widget\" data-widget_type=\"text-editor.default\">\n\t\t\t\t<div class=\"elementor-widget-container\">\n\t\t\t\t\t\t\t\t\t<p style=\"background-color: #f6f0ed;\">Several styles of calligraphy are available. Many color combinations are possible.\u00a0<\/p><p style=\"background-color: #f6f0ed;\"><span style=\"color: var( --e-global-color-text ); font-family: var( --e-global-typography-text-font-family ), Sans-serif; font-weight: var( --e-global-typography-text-font-weight ); letter-spacing: 0px;\">These are 5 pieces invitation suite : main envelope, invitation, details card, reply card and reply envelope.<\/span><\/p><p style=\"background-color: #f6f0ed;\"><span style=\"color: var( --e-global-color-text ); font-family: var( --e-global-typography-text-font-family ), Sans-serif; font-weight: var( --e-global-typography-text-font-weight ); letter-spacing: 0px;\">Cette collection est \u00e9galement d\u00e9clinable en suite 2 pi\u00e8ces (enveloppe et invitation principale) ou 3 pi\u00e8ces (avec carte d\u00e9tails). D\u2019autres cartes peuvent \u00e9galement \u00eatre ajout\u00e9es.\u00a0 \u00a0<\/span><\/p><p style=\"background-color: #f6f0ed;\"><span style=\"color: var( --e-global-color-text ); font-family: var( --e-global-typography-text-font-family ), Sans-serif; font-weight: var( --e-global-typography-text-font-weight ); letter-spacing: 0px;\">Exemple de faire-part r\u00e9alis\u00e9s \u00e0 partir de cette collection :<\/span><\/p>\t\t\t\t\t\t\t\t<\/div>\n\t\t\t\t<\/div>\n\t\t\t\t<div class=\"elementor-element elementor-element-e9f48f8 elementor-arrows-position-inside elementor-widget elementor-widget-image-carousel\" data-id=\"e9f48f8\" data-element_type=\"widget\" data-settings=\"{&quot;slides_to_show&quot;:&quot;1&quot;,&quot;navigation&quot;:&quot;arrows&quot;,&quot;autoplay&quot;:&quot;no&quot;,&quot;infinite&quot;:&quot;yes&quot;,&quot;effect&quot;:&quot;slide&quot;,&quot;speed&quot;:500}\" data-widget_type=\"image-carousel.default\">\n\t\t\t\t<div class=\"elementor-widget-container\">\n\t\t\t\t\t\t\t<div class=\"elementor-image-carousel-wrapper swiper\" role=\"region\" aria-roledescription=\"carousel\" aria-label=\"Carrousel d\u2019images\" dir=\"ltr\">\n\t\t\t<div class=\"elementor-image-carousel swiper-wrapper\" aria-live=\"polite\">\n\t\t\t\t\t\t\t\t<div class=\"swiper-slide\" role=\"group\" aria-roledescription=\"slide\" aria-label=\"1 sur 2\"><figure class=\"swiper-slide-inner\"><img decoding=\"async\" class=\"swiper-slide-image\" src=\"https:\/\/zoezephyyr.com\/wp-content\/uploads\/2021\/08\/La_Fileuse_Orties_retouches_By_Juli_Etta-206-2-1-917x1024.jpg\" alt=\"La_Fileuse_Orties_retouches_By_Juli_Etta-206 2\" \/><\/figure><\/div><div class=\"swiper-slide\" role=\"group\" aria-roledescription=\"slide\" aria-label=\"2 sur 2\"><figure class=\"swiper-slide-inner\"><img decoding=\"async\" class=\"swiper-slide-image\" src=\"https:\/\/zoezephyyr.com\/wp-content\/uploads\/2021\/10\/MR-2-scaled.jpg\" alt=\"\" \/><\/figure><\/div>\t\t\t<\/div>\n\t\t\t\t\t\t\t\t\t\t\t\t<div class=\"elementor-swiper-button elementor-swiper-button-prev\" role=\"button\" tabindex=\"0\">\n\t\t\t\t\t\t<i aria-hidden=\"true\" class=\"eicon-chevron-left\"><\/i>\t\t\t\t\t<\/div>\n\t\t\t\t\t<div class=\"elementor-swiper-button elementor-swiper-button-next\" role=\"button\" tabindex=\"0\">\n\t\t\t\t\t\t<i aria-hidden=\"true\" class=\"eicon-chevron-right\"><\/i>\t\t\t\t\t<\/div>\n\t\t\t\t\n\t\t\t\t\t\t\t\t\t<\/div>\n\t\t\t\t\t\t<\/div>\n\t\t\t\t<\/div>\n\t\t\t\t\t<\/div>\n\t\t<\/div>\n\t\t\t\t\t<\/div>\n\t\t<\/section>\n\t\t\t\t\t<\/div>\n\t\t<\/div>\n\t\t\t\t\t<\/div>\n\t\t<\/section>\n\t\t\t\t<\/div>","protected":false},"excerpt":{"rendered":"<p>n\u00b03 &#8211; Suite Bor\u00e9e Plusieurs styles de calligraphie sont disponibles. De nombreuses combinaisons de couleurs sont possibles.\u00a0 Ce sont des suites de 5 pi\u00e8ces qui sont pr\u00e9sent\u00e9es ci-contre : enveloppe principale, invitation, carte d\u00e9tails, carte r\u00e9ponse et enveloppe r\u00e9ponse. Cette collection est \u00e9galement d\u00e9clinable en suite 2 pi\u00e8ces (enveloppe et invitation principale) ou 3 pi\u00e8ces [&hellip;]<\/p>","protected":false},"author":1,"featured_media":0,"parent":0,"menu_order":0,"comment_status":"closed","ping_status":"closed","template":"","meta":{"_seopress_robots_primary_cat":"","_seopress_titles_title":"","_seopress_titles_desc":"","_seopress_robots_index":"","footnotes":""},"class_list":["post-5902","page","type-page","status-publish","hentry"],"jetpack_sharing_enabled":true,"_links":{"self":[{"href":"https:\/\/zoezephyyr.com\/en\/wp-json\/wp\/v2\/pages\/5902","targetHints":{"allow":["GET"]}}],"collection":[{"href":"https:\/\/zoezephyyr.com\/en\/wp-json\/wp\/v2\/pages"}],"about":[{"href":"https:\/\/zoezephyyr.com\/en\/wp-json\/wp\/v2\/types\/page"}],"author":[{"embeddable":true,"href":"https:\/\/zoezephyyr.com\/en\/wp-json\/wp\/v2\/users\/1"}],"replies":[{"embeddable":true,"href":"https:\/\/zoezephyyr.com\/en\/wp-json\/wp\/v2\/comments?post=5902"}],"version-history":[{"count":11,"href":"https:\/\/zoezephyyr.com\/en\/wp-json\/wp\/v2\/pages\/5902\/revisions"}],"predecessor-version":[{"id":8495,"href":"https:\/\/zoezephyyr.com\/en\/wp-json\/wp\/v2\/pages\/5902\/revisions\/8495"}],"wp:attachment":[{"href":"https:\/\/zoezephyyr.com\/en\/wp-json\/wp\/v2\/media?parent=5902"}],"curies":[{"name":"wp","href":"https:\/\/api.w.org\/{rel}","templated":true}]}}