{"id":5148,"date":"2020-03-19T10:28:55","date_gmt":"2020-03-19T09:28:55","guid":{"rendered":"http:\/\/zoezephyyr.com\/?page_id=5148"},"modified":"2024-01-01T16:54:57","modified_gmt":"2024-01-01T15:54:57","slug":"papier-fait-main","status":"publish","type":"page","link":"https:\/\/zoezephyyr.com\/en\/papier-fait-main\/","title":{"rendered":"Handmade paper"},"content":{"rendered":"<div data-elementor-type=\"wp-page\" data-elementor-id=\"5148\" class=\"elementor elementor-5148\" data-elementor-post-type=\"page\">\n\t\t\t\t\t\t<section class=\"elementor-section elementor-top-section elementor-element elementor-element-4065b68f elementor-section-boxed elementor-section-height-default elementor-section-height-default\" data-id=\"4065b68f\" data-element_type=\"section\">\n\t\t\t\t\t\t<div class=\"elementor-container elementor-column-gap-default\">\n\t\t\t\t\t<div class=\"elementor-column elementor-col-50 elementor-top-column elementor-element elementor-element-74dc928\" data-id=\"74dc928\" data-element_type=\"column\">\n\t\t\t<div class=\"elementor-widget-wrap elementor-element-populated\">\n\t\t\t\t\t\t<section class=\"elementor-section elementor-inner-section elementor-element elementor-element-4243632 elementor-section-boxed elementor-section-height-default elementor-section-height-default\" data-id=\"4243632\" data-element_type=\"section\">\n\t\t\t\t\t\t<div class=\"elementor-container elementor-column-gap-default\">\n\t\t\t\t\t<div class=\"elementor-column elementor-col-100 elementor-inner-column elementor-element elementor-element-f352e87\" data-id=\"f352e87\" data-element_type=\"column\">\n\t\t\t<div class=\"elementor-widget-wrap elementor-element-populated\">\n\t\t\t\t\t\t<div class=\"elementor-element elementor-element-c98ed2b elementor-widget elementor-widget-heading\" data-id=\"c98ed2b\" data-element_type=\"widget\" data-widget_type=\"heading.default\">\n\t\t\t\t<div class=\"elementor-widget-container\">\n\t\t\t\t\t<h1 class=\"elementor-heading-title elementor-size-default\">Handmade paper<\/h1>\t\t\t\t<\/div>\n\t\t\t\t<\/div>\n\t\t\t\t\t<\/div>\n\t\t<\/div>\n\t\t\t\t\t<\/div>\n\t\t<\/section>\n\t\t\t\t<div class=\"elementor-element elementor-element-234431e elementor-widget elementor-widget-text-editor\" data-id=\"234431e\" data-element_type=\"widget\" data-widget_type=\"text-editor.default\">\n\t\t\t\t<div class=\"elementor-widget-container\">\n\t\t\t\t\t\t\t\t\t<p>This paper is made from 100% recycled paper. It's a small gesture for the planet that transforms paper intended to be thrown away into a unique, textured piece, perfect in its imperfection. Making handmade paper is a time-consuming process, from developing the perfect pulp recipe, to couching and pressing the paper. But it is above all an artisanal process where each sheet is made one by one with care.\u00a0<\/p>\t\t\t\t\t\t\t\t<\/div>\n\t\t\t\t<\/div>\n\t\t\t\t<div class=\"elementor-element elementor-element-fab062c elementor-widget elementor-widget-image\" data-id=\"fab062c\" data-element_type=\"widget\" data-widget_type=\"image.default\">\n\t\t\t\t<div class=\"elementor-widget-container\">\n\t\t\t\t\t\t\t\t\t\t\t\t\t\t\t<img decoding=\"async\" src=\"https:\/\/zoezephyyr.com\/wp-content\/uploads\/elementor\/thumbs\/Test-2-1-quknnwejeapaccva4mflv69rw4e83w4dnsacjz9uo4.jpg\" title=\"Test 2\" alt=\"Test 2\" loading=\"lazy\" \/>\t\t\t\t\t\t\t\t\t\t\t\t\t\t\t<\/div>\n\t\t\t\t<\/div>\n\t\t\t\t<div class=\"elementor-element elementor-element-c09dc04 elementor-widget elementor-widget-image\" data-id=\"c09dc04\" data-element_type=\"widget\" data-widget_type=\"image.default\">\n\t\t\t\t<div class=\"elementor-widget-container\">\n\t\t\t\t\t\t\t\t\t\t\t\t\t\t\t<img decoding=\"async\" src=\"https:\/\/zoezephyyr.com\/wp-content\/uploads\/2020\/04\/Pigments.jpg\" title=\"\" alt=\"\" loading=\"lazy\" \/>\t\t\t\t\t\t\t\t\t\t\t\t\t\t\t<\/div>\n\t\t\t\t<\/div>\n\t\t\t\t\t<\/div>\n\t\t<\/div>\n\t\t\t\t<div class=\"elementor-column elementor-col-50 elementor-top-column elementor-element elementor-element-9536eca\" data-id=\"9536eca\" data-element_type=\"column\">\n\t\t\t<div class=\"elementor-widget-wrap elementor-element-populated\">\n\t\t\t\t\t\t<div class=\"elementor-element elementor-element-9b233d5 elementor-widget elementor-widget-image\" data-id=\"9b233d5\" data-element_type=\"widget\" data-widget_type=\"image.default\">\n\t\t\t\t<div class=\"elementor-widget-container\">\n\t\t\t\t\t\t\t\t\t\t\t\t\t\t\t<img fetchpriority=\"high\" decoding=\"async\" width=\"819\" height=\"1024\" src=\"https:\/\/zoezephyyr.com\/wp-content\/uploads\/2022\/07\/1EC5F6F6-F3A7-4125-803E-DBC03016AFA1-819x1024.jpg\" class=\"attachment-large size-large wp-image-7234\" alt=\"\" srcset=\"https:\/\/zoezephyyr.com\/wp-content\/uploads\/2022\/07\/1EC5F6F6-F3A7-4125-803E-DBC03016AFA1-819x1024.jpg 819w, https:\/\/zoezephyyr.com\/wp-content\/uploads\/2022\/07\/1EC5F6F6-F3A7-4125-803E-DBC03016AFA1-240x300.jpg 240w, https:\/\/zoezephyyr.com\/wp-content\/uploads\/2022\/07\/1EC5F6F6-F3A7-4125-803E-DBC03016AFA1-768x960.jpg 768w, https:\/\/zoezephyyr.com\/wp-content\/uploads\/2022\/07\/1EC5F6F6-F3A7-4125-803E-DBC03016AFA1-600x750.jpg 600w, https:\/\/zoezephyyr.com\/wp-content\/uploads\/2022\/07\/1EC5F6F6-F3A7-4125-803E-DBC03016AFA1.jpg 1000w\" sizes=\"(max-width: 819px) 100vw, 819px\" \/>\t\t\t\t\t\t\t\t\t\t\t\t\t\t\t<\/div>\n\t\t\t\t<\/div>\n\t\t\t\t<div class=\"elementor-element elementor-element-0e7635b elementor-widget elementor-widget-text-editor\" data-id=\"0e7635b\" data-element_type=\"widget\" data-widget_type=\"text-editor.default\">\n\t\t\t\t<div class=\"elementor-widget-container\">\n\t\t\t\t\t\t\t\t\t<p><span style=\"text-align: justify;\">There are many uses for this paper: wedding invitations, stationery, calligraphy, watercolor painting, drawing, printing, collage, notebook making. Imagination is key!<\/span><\/p>\t\t\t\t\t\t\t\t<\/div>\n\t\t\t\t<\/div>\n\t\t\t\t\t<\/div>\n\t\t<\/div>\n\t\t\t\t\t<\/div>\n\t\t<\/section>\n\t\t\t\t<section class=\"elementor-section elementor-top-section elementor-element elementor-element-6ae4939 elementor-section-boxed elementor-section-height-default elementor-section-height-default\" data-id=\"6ae4939\" data-element_type=\"section\">\n\t\t\t\t\t\t<div class=\"elementor-container elementor-column-gap-default\">\n\t\t\t\t\t<div class=\"elementor-column elementor-col-100 elementor-top-column elementor-element elementor-element-fd00bf3\" data-id=\"fd00bf3\" data-element_type=\"column\">\n\t\t\t<div class=\"elementor-widget-wrap elementor-element-populated\">\n\t\t\t\t\t\t<div class=\"elementor-element elementor-element-ed37224 elementor-widget-divider--view-line elementor-widget elementor-widget-divider\" data-id=\"ed37224\" data-element_type=\"widget\" data-widget_type=\"divider.default\">\n\t\t\t\t<div class=\"elementor-widget-container\">\n\t\t\t\t\t\t\t<div class=\"elementor-divider\">\n\t\t\t<span class=\"elementor-divider-separator\">\n\t\t\t\t\t\t<\/span>\n\t\t<\/div>\n\t\t\t\t\t\t<\/div>\n\t\t\t\t<\/div>\n\t\t\t\t<div class=\"elementor-element elementor-element-747d511 elementor-widget elementor-widget-heading\" data-id=\"747d511\" data-element_type=\"widget\" data-widget_type=\"heading.default\">\n\t\t\t\t<div class=\"elementor-widget-container\">\n\t\t\t\t\t<h2 class=\"elementor-heading-title elementor-size-default\">Process<\/h2>\t\t\t\t<\/div>\n\t\t\t\t<\/div>\n\t\t\t\t<div class=\"elementor-element elementor-element-a05822e elementor-widget elementor-widget-text-editor\" data-id=\"a05822e\" data-element_type=\"widget\" data-widget_type=\"text-editor.default\">\n\t\t\t\t<div class=\"elementor-widget-container\">\n\t\t\t\t\t\t\t\t\t<p>Handmade paper is handcrafted, sheet after sheet. The first step is the manufacture of paper pulp. I use shredded paper that I recycle. I then add various additives to make the paper resistant to ink and over time. For the colored paper, I add natural pigments, mostly from France and Italy, and non-toxic.\u00a0<\/p><p>This pulp is then poured into a large container of water. Using a paper mould and deckle, each sheet is made one by one. They are then couched on fabrics, pressed to remove as much water as possible, and dried.\u00a0<\/p>\t\t\t\t\t\t\t\t<\/div>\n\t\t\t\t<\/div>\n\t\t\t\t<section class=\"elementor-section elementor-inner-section elementor-element elementor-element-26e8604 elementor-section-boxed elementor-section-height-default elementor-section-height-default\" data-id=\"26e8604\" data-element_type=\"section\">\n\t\t\t\t\t\t<div class=\"elementor-container elementor-column-gap-default\">\n\t\t\t\t\t<div class=\"elementor-column elementor-col-50 elementor-inner-column elementor-element elementor-element-5ad03e6\" data-id=\"5ad03e6\" data-element_type=\"column\">\n\t\t\t<div class=\"elementor-widget-wrap elementor-element-populated\">\n\t\t\t\t\t\t<div class=\"elementor-element elementor-element-3d8a9cf elementor-widget elementor-widget-image\" data-id=\"3d8a9cf\" data-element_type=\"widget\" data-widget_type=\"image.default\">\n\t\t\t\t<div class=\"elementor-widget-container\">\n\t\t\t\t\t\t\t\t\t\t\t\t\t\t\t<img decoding=\"async\" src=\"https:\/\/zoezephyyr.com\/wp-content\/uploads\/2021\/08\/ZOEZEPHYYR1-scaled.jpg\" title=\"ZOEZEPHYYR1\" alt=\"ZOEZEPHYYR1\" loading=\"lazy\" \/>\t\t\t\t\t\t\t\t\t\t\t\t\t\t\t<\/div>\n\t\t\t\t<\/div>\n\t\t\t\t\t<\/div>\n\t\t<\/div>\n\t\t\t\t<div class=\"elementor-column elementor-col-50 elementor-inner-column elementor-element elementor-element-710d8c1\" data-id=\"710d8c1\" data-element_type=\"column\">\n\t\t\t<div class=\"elementor-widget-wrap elementor-element-populated\">\n\t\t\t\t\t\t<div class=\"elementor-element elementor-element-e7d6ee9 elementor-widget elementor-widget-image\" data-id=\"e7d6ee9\" data-element_type=\"widget\" data-widget_type=\"image.default\">\n\t\t\t\t<div class=\"elementor-widget-container\">\n\t\t\t\t\t\t\t\t\t\t\t\t\t\t\t<img decoding=\"async\" width=\"1024\" height=\"684\" src=\"https:\/\/zoezephyyr.com\/wp-content\/uploads\/2021\/08\/ZOEZEPHYYR5-1024x684.jpg\" class=\"attachment-large size-large wp-image-5876\" alt=\"\" srcset=\"https:\/\/zoezephyyr.com\/wp-content\/uploads\/2021\/08\/ZOEZEPHYYR5-1024x684.jpg 1024w, https:\/\/zoezephyyr.com\/wp-content\/uploads\/2021\/08\/ZOEZEPHYYR5-300x200.jpg 300w, https:\/\/zoezephyyr.com\/wp-content\/uploads\/2021\/08\/ZOEZEPHYYR5-768x513.jpg 768w, https:\/\/zoezephyyr.com\/wp-content\/uploads\/2021\/08\/ZOEZEPHYYR5-1536x1025.jpg 1536w, https:\/\/zoezephyyr.com\/wp-content\/uploads\/2021\/08\/ZOEZEPHYYR5-2048x1367.jpg 2048w, https:\/\/zoezephyyr.com\/wp-content\/uploads\/2021\/08\/ZOEZEPHYYR5-1140x761.jpg 1140w, https:\/\/zoezephyyr.com\/wp-content\/uploads\/2021\/08\/ZOEZEPHYYR5-scaled.jpg 1920w\" sizes=\"(max-width: 1024px) 100vw, 1024px\" \/>\t\t\t\t\t\t\t\t\t\t\t\t\t\t\t<\/div>\n\t\t\t\t<\/div>\n\t\t\t\t\t<\/div>\n\t\t<\/div>\n\t\t\t\t\t<\/div>\n\t\t<\/section>\n\t\t\t\t<div class=\"elementor-element elementor-element-5cd2908 elementor-widget-divider--view-line elementor-widget elementor-widget-divider\" data-id=\"5cd2908\" data-element_type=\"widget\" data-widget_type=\"divider.default\">\n\t\t\t\t<div class=\"elementor-widget-container\">\n\t\t\t\t\t\t\t<div class=\"elementor-divider\">\n\t\t\t<span class=\"elementor-divider-separator\">\n\t\t\t\t\t\t<\/span>\n\t\t<\/div>\n\t\t\t\t\t\t<\/div>\n\t\t\t\t<\/div>\n\t\t\t\t\t<\/div>\n\t\t<\/div>\n\t\t\t\t\t<\/div>\n\t\t<\/section>\n\t\t\t\t<section class=\"elementor-section elementor-top-section elementor-element elementor-element-94e00ba elementor-section-boxed elementor-section-height-default elementor-section-height-default\" data-id=\"94e00ba\" data-element_type=\"section\">\n\t\t\t\t\t\t<div class=\"elementor-container elementor-column-gap-default\">\n\t\t\t\t\t<div class=\"elementor-column elementor-col-50 elementor-top-column elementor-element elementor-element-76e32c8\" data-id=\"76e32c8\" data-element_type=\"column\">\n\t\t\t<div class=\"elementor-widget-wrap elementor-element-populated\">\n\t\t\t\t\t\t<div class=\"elementor-element elementor-element-83521d2 elementor-widget elementor-widget-heading\" data-id=\"83521d2\" data-element_type=\"widget\" data-widget_type=\"heading.default\">\n\t\t\t\t<div class=\"elementor-widget-container\">\n\t\t\t\t\t<h2 class=\"elementor-heading-title elementor-size-default\">Uses<\/h2>\t\t\t\t<\/div>\n\t\t\t\t<\/div>\n\t\t\t\t<div class=\"elementor-element elementor-element-a11cb8d elementor-widget elementor-widget-text-editor\" data-id=\"a11cb8d\" data-element_type=\"widget\" data-widget_type=\"text-editor.default\">\n\t\t\t\t<div class=\"elementor-widget-container\">\n\t\t\t\t\t\t\t\t\t<ul>\n<li>Impression num\u00e9rique<\/li>\n<li>letterpress and hot foil printing<\/li>\n<li>Toutes techniques de dessin et d&rsquo;\u00e9criture<\/li>\n<li>Calligraphy<\/li>\n<li>Aquarelle<\/li>\n<li>Gouache<\/li>\n<li>Encres<\/li><li>Etc.<\/li>\n<\/ul>\t\t\t\t\t\t\t\t<\/div>\n\t\t\t\t<\/div>\n\t\t\t\t\t<\/div>\n\t\t<\/div>\n\t\t\t\t<div class=\"elementor-column elementor-col-50 elementor-top-column elementor-element elementor-element-4abec6a\" data-id=\"4abec6a\" data-element_type=\"column\">\n\t\t\t<div class=\"elementor-widget-wrap elementor-element-populated\">\n\t\t\t\t\t\t<div class=\"elementor-element elementor-element-0fe8588 elementor-widget elementor-widget-heading\" data-id=\"0fe8588\" data-element_type=\"widget\" data-widget_type=\"heading.default\">\n\t\t\t\t<div class=\"elementor-widget-container\">\n\t\t\t\t\t<h2 class=\"elementor-heading-title elementor-size-default\">Formats<\/h2>\t\t\t\t<\/div>\n\t\t\t\t<\/div>\n\t\t\t\t<div class=\"elementor-element elementor-element-be579af elementor-widget elementor-widget-text-editor\" data-id=\"be579af\" data-element_type=\"widget\" data-widget_type=\"text-editor.default\">\n\t\t\t\t<div class=\"elementor-widget-container\">\n\t\t\t\t\t\t\t\t\t<p>The following formats are available :&nbsp;<\/p>\n<ul>\n<li>Carte de visite (env. 90 x 60 mm)<\/li><li>Marque-place (105 x 40 mm)<\/li>\n<li>A6 ( 105 x 148 mm)&nbsp;<\/li>\n<li>B6 (125 x 176 mm)<\/li>\n<li>A5 (148 x 210 mm)<\/li>\n<li>A4 (210 x 297 mm)&nbsp;<\/li><li>Format DL (9 x 21 cm)<\/li>\n<li>C7 envelope<\/li>\n<li>130 x 180 mm envelope<\/li>\n<\/ul>\t\t\t\t\t\t\t\t<\/div>\n\t\t\t\t<\/div>\n\t\t\t\t\t<\/div>\n\t\t<\/div>\n\t\t\t\t\t<\/div>\n\t\t<\/section>\n\t\t\t\t<section class=\"elementor-section elementor-top-section elementor-element elementor-element-7a785fb elementor-section-boxed elementor-section-height-default elementor-section-height-default\" data-id=\"7a785fb\" data-element_type=\"section\">\n\t\t\t\t\t\t<div class=\"elementor-container elementor-column-gap-default\">\n\t\t\t\t\t<div class=\"elementor-column elementor-col-100 elementor-top-column elementor-element elementor-element-ff3447b\" data-id=\"ff3447b\" data-element_type=\"column\">\n\t\t\t<div class=\"elementor-widget-wrap elementor-element-populated\">\n\t\t\t\t\t\t<div class=\"elementor-element elementor-element-b53303f elementor-widget elementor-widget-html\" data-id=\"b53303f\" data-element_type=\"widget\" data-widget_type=\"html.default\">\n\t\t\t\t<div class=\"elementor-widget-container\">\n\t\t\t\t\t<script type=\"text\/javascript\" src=\"https:\/\/cdnjs.cloudflare.com\/ajax\/libs\/iframe-resizer\/3.5.14\/iframeResizer.min.js\"><\/script><iframe src=\"https:\/\/hello.dubsado.com\/public\/form\/view\/6592a310d9e833003a18e6d5\" frameborder=\"0\" style=\"width:1px; min-width:100%;\"><\/iframe><script type=\"text\/javascript\">setTimeout(function(){iFrameResize({checkOrigin: false, heightCalculationMethod: \"taggedElement\"});}, 30)<\/script>\t\t\t\t<\/div>\n\t\t\t\t<\/div>\n\t\t\t\t\t<\/div>\n\t\t<\/div>\n\t\t\t\t\t<\/div>\n\t\t<\/section>\n\t\t\t\t<\/div>","protected":false},"excerpt":{"rendered":"<p>Papier fait-main Ce papier est fabriqu\u00e9 \u00e0 100% \u00e0 partir de papier recycl\u00e9. C\u2019est un petit geste pour la plan\u00e8te qui transforme du papier destin\u00e9 \u00e0 \u00eatre jet\u00e9 en une pi\u00e8ce unique, textur\u00e9e, parfaite dans son imperfection. Fabriquer du papier fait-main est un processus long, qui va de l\u2019\u00e9laboration de la recette parfaite de pulpe, [&hellip;]<\/p>","protected":false},"author":1,"featured_media":0,"parent":0,"menu_order":0,"comment_status":"closed","ping_status":"closed","template":"","meta":{"_seopress_robots_primary_cat":"","_seopress_titles_title":"","_seopress_titles_desc":"","_seopress_robots_index":"","footnotes":""},"class_list":["post-5148","page","type-page","status-publish","hentry"],"jetpack_sharing_enabled":true,"_links":{"self":[{"href":"https:\/\/zoezephyyr.com\/en\/wp-json\/wp\/v2\/pages\/5148","targetHints":{"allow":["GET"]}}],"collection":[{"href":"https:\/\/zoezephyyr.com\/en\/wp-json\/wp\/v2\/pages"}],"about":[{"href":"https:\/\/zoezephyyr.com\/en\/wp-json\/wp\/v2\/types\/page"}],"author":[{"embeddable":true,"href":"https:\/\/zoezephyyr.com\/en\/wp-json\/wp\/v2\/users\/1"}],"replies":[{"embeddable":true,"href":"https:\/\/zoezephyyr.com\/en\/wp-json\/wp\/v2\/comments?post=5148"}],"version-history":[{"count":34,"href":"https:\/\/zoezephyyr.com\/en\/wp-json\/wp\/v2\/pages\/5148\/revisions"}],"predecessor-version":[{"id":8459,"href":"https:\/\/zoezephyyr.com\/en\/wp-json\/wp\/v2\/pages\/5148\/revisions\/8459"}],"wp:attachment":[{"href":"https:\/\/zoezephyyr.com\/en\/wp-json\/wp\/v2\/media?parent=5148"}],"curies":[{"name":"wp","href":"https:\/\/api.w.org\/{rel}","templated":true}]}}