{"id":495,"date":"2019-06-10T23:02:33","date_gmt":"2019-06-10T21:02:33","guid":{"rendered":"http:\/\/zoezephyyr.com\/newsletter\/"},"modified":"2019-06-13T16:10:43","modified_gmt":"2019-06-13T14:10:43","slug":"newsletter","status":"publish","type":"page","link":"https:\/\/zoezephyyr.com\/en\/newsletter\/","title":{"rendered":"Newsletter"},"content":{"rendered":"<p>Je vous donne rendez-vous par mail environ une fois par semaine pour une newsletter tourn\u00e9e sur la calligraphie. C&rsquo;est un moyen pour moi d&rsquo;\u00e9changer avec vous de mani\u00e8re plus personnelle en dehors des r\u00e9seaux sociaux. <\/p>\n\n\n\n<hr class=\"wp-block-separator\"\/>\n\n\n\n<p>D\u00e8s votre inscription vous recevrez un livret \u00e0 t\u00e9l\u00e9charger gratuitement de 7 pages qui d\u00e9taille les 10 traits de base utilis\u00e9s en calligraphie anglaise ! Ce livret contient aussi des pages d&rsquo;exercices pour vous entra\u00eener.<\/p>\n\n\n\n<div class=\"wp-block-image\"><figure class=\"aligncenter is-resized\"><img fetchpriority=\"high\" decoding=\"async\" src=\"https:\/\/zoezephyyr.com\/wp-content\/uploads\/2019\/06\/Livret-1024x522.jpg\" alt=\"\" class=\"wp-image-561\" width=\"736\" height=\"374\" srcset=\"https:\/\/zoezephyyr.com\/wp-content\/uploads\/2019\/06\/Livret-1024x522.jpg 1024w, https:\/\/zoezephyyr.com\/wp-content\/uploads\/2019\/06\/Livret-600x306.jpg 600w, https:\/\/zoezephyyr.com\/wp-content\/uploads\/2019\/06\/Livret-300x153.jpg 300w, https:\/\/zoezephyyr.com\/wp-content\/uploads\/2019\/06\/Livret-1140x581.jpg 1140w, https:\/\/zoezephyyr.com\/wp-content\/uploads\/2019\/06\/Livret.jpg 1920w\" sizes=\"(max-width: 736px) 100vw, 736px\" \/><\/figure><\/div>\n\n\n\n<hr class=\"wp-block-separator\"\/>\n\n\n<p><div class=\"tnp tnp-subscription\">\n<form method=\"post\" action=\"https:\/\/zoezephyyr.com\/wp-admin\/admin-ajax.php?action=tnp&amp;na=s\">\n<input type=\"hidden\" name=\"nlang\" value=\"\">\n<div class=\"tnp-field tnp-field-firstname\"><label for=\"tnp-1\">First name<\/label>\n<input class=\"tnp-name\" type=\"text\" name=\"nn\" id=\"tnp-1\" value=\"\" placeholder=\"\" required><\/div>\n<div class=\"tnp-field tnp-field-email\"><label for=\"tnp-2\">Email<\/label>\n<input class=\"tnp-email\" type=\"email\" name=\"ne\" id=\"tnp-2\" value=\"\" placeholder=\"\" required><\/div>\n<div class=\"tnp-field tnp-field-button\" style=\"text-align: left\"><input class=\"tnp-submit\" type=\"submit\" value=\"Subscribe\" style=\"\">\n<\/div>\n<\/form>\n<\/div>\n<\/p>\n\n\n<hr class=\"wp-block-separator\"\/>\n\n\n\n<p>Dans ces mails vous retrouvez \u00e9videmment des rappels pour les derniers articles du blog et autres nouveaut\u00e9s de Zoezephyyr. Mais vous trouverez aussi et surtout des tutoriels exclusifs, des fiches d&rsquo;exercices \u00e0 t\u00e9l\u00e9charger ou encore des fiches guides pour vous aider dans votre apprentissage de la calligraphie. <\/p>\n\n\n\n<p>Je partagerai chaque semaine avec vous dans cette newsletter des petites updates personnelles, sur quoi je travaille en ce moment, les tests de nouveaux mat\u00e9riels, et plein d&rsquo;autres choses encore ! <\/p>\n\n\n\n<hr class=\"wp-block-separator\"\/>\n\n\n\n<hr class=\"wp-block-separator\"\/>\n\n\n\n<figure class=\"wp-block-image\"><img decoding=\"async\" src=\"https:\/\/zoezephyyr.com\/wp-content\/uploads\/2018\/12\/20181122_111832-1024x576.jpg\" alt=\"\" class=\"wp-image-129\"\/><\/figure>\n\n\n\n<div class=\"wp-block-button aligncenter\"><a class=\"wp-block-button__link has-text-color has-background\" href=\"https:\/\/instagram.com\/zoezephyyr\" style=\"background-color:#dcc9b2;color:#ffffff\">Suivez moi sur instagram<\/a><\/div>","protected":false},"excerpt":{"rendered":"<p>Je vous donne rendez-vous par mail environ une fois par semaine pour une newsletter tourn\u00e9e sur la calligraphie. C&rsquo;est un moyen pour moi d&rsquo;\u00e9changer avec vous de mani\u00e8re plus personnelle en dehors des r\u00e9seaux sociaux. D\u00e8s votre inscription vous recevrez un livret \u00e0 t\u00e9l\u00e9charger gratuitement de 7 pages qui d\u00e9taille les 10 traits de base [&hellip;]<\/p>","protected":false},"author":1,"featured_media":0,"parent":0,"menu_order":0,"comment_status":"closed","ping_status":"closed","template":"","meta":{"_seopress_robots_primary_cat":"","_seopress_titles_title":"","_seopress_titles_desc":"","_seopress_robots_index":"","footnotes":""},"class_list":["post-495","page","type-page","status-publish","hentry"],"jetpack_sharing_enabled":true,"_links":{"self":[{"href":"https:\/\/zoezephyyr.com\/en\/wp-json\/wp\/v2\/pages\/495","targetHints":{"allow":["GET"]}}],"collection":[{"href":"https:\/\/zoezephyyr.com\/en\/wp-json\/wp\/v2\/pages"}],"about":[{"href":"https:\/\/zoezephyyr.com\/en\/wp-json\/wp\/v2\/types\/page"}],"author":[{"embeddable":true,"href":"https:\/\/zoezephyyr.com\/en\/wp-json\/wp\/v2\/users\/1"}],"replies":[{"embeddable":true,"href":"https:\/\/zoezephyyr.com\/en\/wp-json\/wp\/v2\/comments?post=495"}],"version-history":[{"count":5,"href":"https:\/\/zoezephyyr.com\/en\/wp-json\/wp\/v2\/pages\/495\/revisions"}],"predecessor-version":[{"id":565,"href":"https:\/\/zoezephyyr.com\/en\/wp-json\/wp\/v2\/pages\/495\/revisions\/565"}],"wp:attachment":[{"href":"https:\/\/zoezephyyr.com\/en\/wp-json\/wp\/v2\/media?parent=495"}],"curies":[{"name":"wp","href":"https:\/\/api.w.org\/{rel}","templated":true}]}}