{"id":47,"date":"2018-12-24T17:31:47","date_gmt":"2018-12-24T16:31:47","guid":{"rendered":"http:\/\/zoezephyyr.com\/?page_id=47"},"modified":"2019-04-10T12:30:50","modified_gmt":"2019-04-10T10:30:50","slug":"blog","status":"publish","type":"page","link":"https:\/\/zoezephyyr.com\/en\/blog\/","title":{"rendered":"Blog"},"content":{"rendered":"<p><strong>\r\n\t\t<div class=\"sp_wpspwpost_static wpspw-design-1 wpspw-grid-1 wpspw-clearfix\">\r\n\r\n\t\t\t\r\n<div class=\"wpspw-post-grid wpspw-medium-12 wpspw-columns\">\r\n\t<div class=\"wpspw-post-grid-content\">\r\n\r\n\t\t\t\t\t<div class=\"wpspw-post-image-bg\">\r\n\t\t\t\t<a href=\"https:\/\/zoezephyyr.com\/en\/2020\/04\/26\/tout-savoir-sur-les-timbres-anciens\/\">\r\n\t\t\t\t\t<img decoding=\"async\" src=\"https:\/\/zoezephyyr.com\/wp-content\/uploads\/2020\/04\/Timbres-anciens-2.jpg\" alt=\"Tout savoir sur les timbres anciens\" \/>\r\n\t\t\t\t<\/a>\r\n\t\t\t<\/div>\r\n\t\t\t\t\t<div class=\"wpspw-post-categories\"><a href=\"https:\/\/zoezephyyr.com\/en\/category\/mariage\/\">Mariage<\/a><\/div>\r\n\t\t\r\n\t\t<h2 class=\"wpspw-post-title\">\r\n\t\t\t<a href=\"https:\/\/zoezephyyr.com\/en\/2020\/04\/26\/tout-savoir-sur-les-timbres-anciens\/\">Tout savoir sur les timbres anciens<\/a>\r\n\t\t<\/h2>\r\n\r\n\t\t\t\t\t<div class=\"wpspw-post-date\">\r\n\t\t\t\t\t\t\t\t\t<span>\r\n\t\t\t\t\t\tBy <a href=\"https:\/\/zoezephyyr.com\/en\/author\/zoezephyyr\/\">zoezephyyr<\/a>\r\n\t\t\t\t\t<\/span>\r\n\t\t\t\t&nbsp;\/&nbsp;26 April 2020\t\t\t<\/div>\r\n\t\t\t\t\t<div class=\"wpspw-post-content\">\r\n\t\t\t\t\t\t\t\t\t<div>\r\n\t\t\t\t\t\tLes timbres anciens en nouveaux francs sont donc parfaitement utilisables et ont gard\u00e9 leur pouvoir d'affranchissement. \t\t\t\t\t<\/div>\r\n\t\t\t\t\t<a class=\"wpspw-readmorebtn\" href=\"https:\/\/zoezephyyr.com\/en\/2020\/04\/26\/tout-savoir-sur-les-timbres-anciens\/\">Read More<\/a>\r\n\t\t\t\t\t\t\t<\/div>\r\n\t\t\t\t\t<div class=\"wpswp-post-comments\">\r\n\t\t\t\t<a href=\"https:\/\/zoezephyyr.com\/en\/2020\/04\/26\/tout-savoir-sur-les-timbres-anciens\/\/#comments\">1 Reply<\/a>\r\n\t\t\t<\/div>\r\n\t\t\t<\/div>\r\n<\/div>\r\n<div class=\"wpspw-post-grid wpspw-medium-12 wpspw-columns\">\r\n\t<div class=\"wpspw-post-grid-content\">\r\n\r\n\t\t\t\t\t<div class=\"wpspw-post-image-bg\">\r\n\t\t\t\t<a href=\"https:\/\/zoezephyyr.com\/en\/2019\/06\/22\/les-plumes-anatomie-lesquelles-pour-debuter-ou-les-trouver-etc\/\">\r\n\t\t\t\t\t<img decoding=\"async\" src=\"https:\/\/zoezephyyr.com\/wp-content\/uploads\/2019\/06\/Plumes-5.jpg\" alt=\"Les plumes : anatomie, lesquelles pour d\u00e9buter, o\u00f9 les trouver, etc.\" \/>\r\n\t\t\t\t<\/a>\r\n\t\t\t<\/div>\r\n\t\t\t\t\t<div class=\"wpspw-post-categories\"><a href=\"https:\/\/zoezephyyr.com\/en\/category\/debuter-la-calligraphie\/\">D\u00e9buter la calligraphie<\/a><\/div>\r\n\t\t\r\n\t\t<h2 class=\"wpspw-post-title\">\r\n\t\t\t<a href=\"https:\/\/zoezephyyr.com\/en\/2019\/06\/22\/les-plumes-anatomie-lesquelles-pour-debuter-ou-les-trouver-etc\/\">Les plumes : anatomie, lesquelles pour d\u00e9buter, o\u00f9 les trouver, etc.<\/a>\r\n\t\t<\/h2>\r\n\r\n\t\t\t\t\t<div class=\"wpspw-post-date\">\r\n\t\t\t\t\t\t\t\t\t<span>\r\n\t\t\t\t\t\tBy <a href=\"https:\/\/zoezephyyr.com\/en\/author\/zoezephyyr\/\">zoezephyyr<\/a>\r\n\t\t\t\t\t<\/span>\r\n\t\t\t\t&nbsp;\/&nbsp;22 June 2019\t\t\t<\/div>\r\n\t\t\t\t\t<div class=\"wpspw-post-content\">\r\n\t\t\t\t\t\t\t\t\t<div>\r\n\t\t\t\t\t\tNous voil\u00e0 aujourd'hui devant un vaste sujet ! Je me concentrerai uniquement sur les plumes pointues pour cet article, sinon...\t\t\t\t\t<\/div>\r\n\t\t\t\t\t<a class=\"wpspw-readmorebtn\" href=\"https:\/\/zoezephyyr.com\/en\/2019\/06\/22\/les-plumes-anatomie-lesquelles-pour-debuter-ou-les-trouver-etc\/\">Read More<\/a>\r\n\t\t\t\t\t\t\t<\/div>\r\n\t\t\t\t\t<div class=\"wpswp-post-tags\">Tags: <a href=\"https:\/\/zoezephyyr.com\/en\/tag\/calligraphie\/\" rel=\"tag\">Calligraphy<\/a>, <a href=\"https:\/\/zoezephyyr.com\/en\/tag\/calligraphie-anglaise\/\" rel=\"tag\">Calligraphie anglaise<\/a>, <a href=\"https:\/\/zoezephyyr.com\/en\/tag\/materiel-calligraphie\/\" rel=\"tag\">Mat\u00e9riel Calligraphie<\/a>, <a href=\"https:\/\/zoezephyyr.com\/en\/tag\/ou-trouver-des-plumes-de-calligraphie\/\" rel=\"tag\">O\u00f9 trouver des plumes de calligraphie ?<\/a>, <a href=\"https:\/\/zoezephyyr.com\/en\/tag\/plumes\/\" rel=\"tag\">plumes<\/a>, <a href=\"https:\/\/zoezephyyr.com\/en\/tag\/plumes-calligraphie\/\" rel=\"tag\">Plumes calligraphie<\/a>, <a href=\"https:\/\/zoezephyyr.com\/en\/tag\/plumes-pointues\/\" rel=\"tag\">Plumes pointues<\/a><\/div>\r\n\t\t\t\t\t<div class=\"wpswp-post-comments\">\r\n\t\t\t\t<a href=\"https:\/\/zoezephyyr.com\/en\/2019\/06\/22\/les-plumes-anatomie-lesquelles-pour-debuter-ou-les-trouver-etc\/\/#comments\">7 Replies<\/a>\r\n\t\t\t<\/div>\r\n\t\t\t<\/div>\r\n<\/div>\r\n<div class=\"wpspw-post-grid wpspw-medium-12 wpspw-columns\">\r\n\t<div class=\"wpspw-post-grid-content\">\r\n\r\n\t\t\t\t\t<div class=\"wpspw-post-image-bg\">\r\n\t\t\t\t<a href=\"https:\/\/zoezephyyr.com\/en\/2019\/06\/16\/quest-ce-que-la-calligraphie\/\">\r\n\t\t\t\t\t<img decoding=\"async\" src=\"https:\/\/zoezephyyr.com\/wp-content\/uploads\/2019\/05\/Lamartine-5-e1560695050329.jpg\" alt=\"Qu&rsquo;est ce que la calligraphie ?\" \/>\r\n\t\t\t\t<\/a>\r\n\t\t\t<\/div>\r\n\t\t\t\t\t<div class=\"wpspw-post-categories\"><a href=\"https:\/\/zoezephyyr.com\/en\/category\/debuter-la-calligraphie\/\">D\u00e9buter la calligraphie<\/a><\/div>\r\n\t\t\r\n\t\t<h2 class=\"wpspw-post-title\">\r\n\t\t\t<a href=\"https:\/\/zoezephyyr.com\/en\/2019\/06\/16\/quest-ce-que-la-calligraphie\/\">Qu&rsquo;est ce que la calligraphie ?<\/a>\r\n\t\t<\/h2>\r\n\r\n\t\t\t\t\t<div class=\"wpspw-post-date\">\r\n\t\t\t\t\t\t\t\t\t<span>\r\n\t\t\t\t\t\tBy <a href=\"https:\/\/zoezephyyr.com\/en\/author\/zoezephyyr\/\">zoezephyyr<\/a>\r\n\t\t\t\t\t<\/span>\r\n\t\t\t\t&nbsp;\/&nbsp;16 June 2019\t\t\t<\/div>\r\n\t\t\t\t\t<div class=\"wpspw-post-content\">\r\n\t\t\t\t\t\t\t\t\t<div>\r\n\t\t\t\t\t\tCalligraphie = belle \u00e9criture ? Mais une belle \u00e9criture au stylo bic n'est pas de la calligraphie n'est ce pas ? Alors comment la d\u00e9finit-on ?\t\t\t\t\t<\/div>\r\n\t\t\t\t\t<a class=\"wpspw-readmorebtn\" href=\"https:\/\/zoezephyyr.com\/en\/2019\/06\/16\/quest-ce-que-la-calligraphie\/\">Read More<\/a>\r\n\t\t\t\t\t\t\t<\/div>\r\n\t\t\t\t\t<div class=\"wpswp-post-tags\">Tags: <a href=\"https:\/\/zoezephyyr.com\/en\/tag\/calligraphie\/\" rel=\"tag\">Calligraphy<\/a>, <a href=\"https:\/\/zoezephyyr.com\/en\/tag\/definition\/\" rel=\"tag\">D\u00e9finition<\/a>, <a href=\"https:\/\/zoezephyyr.com\/en\/tag\/definition-calligraphie\/\" rel=\"tag\">D\u00e9finition calligraphie<\/a>, <a href=\"https:\/\/zoezephyyr.com\/en\/tag\/lettering\/\" rel=\"tag\">Lettering<\/a>, <a href=\"https:\/\/zoezephyyr.com\/en\/tag\/lettrage\/\" rel=\"tag\">lettrage<\/a><\/div>\r\n\t\t\t\t\t<div class=\"wpswp-post-comments\">\r\n\t\t\t\t<a href=\"https:\/\/zoezephyyr.com\/en\/2019\/06\/16\/quest-ce-que-la-calligraphie\/\/#comments\">3 Replies<\/a>\r\n\t\t\t<\/div>\r\n\t\t\t<\/div>\r\n<\/div>\r\n<div class=\"wpspw-post-grid wpspw-medium-12 wpspw-columns\">\r\n\t<div class=\"wpspw-post-grid-content\">\r\n\r\n\t\t\t\t\t<div class=\"wpspw-post-image-bg\">\r\n\t\t\t\t<a href=\"https:\/\/zoezephyyr.com\/en\/2019\/05\/12\/apprendre-la-calligraphie-par-ou-commencer\/\">\r\n\t\t\t\t\t<img decoding=\"async\" src=\"https:\/\/zoezephyyr.com\/wp-content\/uploads\/2019\/05\/20190512_110611.jpg\" alt=\"Apprendre la calligraphie : par o\u00f9 commencer ?\" \/>\r\n\t\t\t\t<\/a>\r\n\t\t\t<\/div>\r\n\t\t\t\t\t<div class=\"wpspw-post-categories\"><a href=\"https:\/\/zoezephyyr.com\/en\/category\/debuter-la-calligraphie\/\">D\u00e9buter la calligraphie<\/a><\/div>\r\n\t\t\r\n\t\t<h2 class=\"wpspw-post-title\">\r\n\t\t\t<a href=\"https:\/\/zoezephyyr.com\/en\/2019\/05\/12\/apprendre-la-calligraphie-par-ou-commencer\/\">Apprendre la calligraphie : par o\u00f9 commencer ?<\/a>\r\n\t\t<\/h2>\r\n\r\n\t\t\t\t\t<div class=\"wpspw-post-date\">\r\n\t\t\t\t\t\t\t\t\t<span>\r\n\t\t\t\t\t\tBy <a href=\"https:\/\/zoezephyyr.com\/en\/author\/zoezephyyr\/\">zoezephyyr<\/a>\r\n\t\t\t\t\t<\/span>\r\n\t\t\t\t&nbsp;\/&nbsp;12 May 2019\t\t\t<\/div>\r\n\t\t\t\t\t<div class=\"wpspw-post-content\">\r\n\t\t\t\t\t\t\t\t\t<div>\r\n\t\t\t\t\t\tOn m'a pos\u00e9 cette question il y a quelque temps : \"Par o\u00f9 commencer pour apprendre la calligraphie ?\". Et c'est vrai que ce n'est pas \u00e9vident de se lancer...\t\t\t\t\t<\/div>\r\n\t\t\t\t\t<a class=\"wpspw-readmorebtn\" href=\"https:\/\/zoezephyyr.com\/en\/2019\/05\/12\/apprendre-la-calligraphie-par-ou-commencer\/\">Read More<\/a>\r\n\t\t\t\t\t\t\t<\/div>\r\n\t\t\t\t\t<div class=\"wpswp-post-comments\">\r\n\t\t\t\t<a href=\"https:\/\/zoezephyyr.com\/en\/2019\/05\/12\/apprendre-la-calligraphie-par-ou-commencer\/\/#comments\">9 Replies<\/a>\r\n\t\t\t<\/div>\r\n\t\t\t<\/div>\r\n<\/div>\r\n<div class=\"wpspw-post-grid wpspw-medium-12 wpspw-columns\">\r\n\t<div class=\"wpspw-post-grid-content no-thumb-image\">\r\n\r\n\t\t\t\t\t<div class=\"wpspw-post-categories\"><a href=\"https:\/\/zoezephyyr.com\/en\/category\/debuter-la-calligraphie\/\">D\u00e9buter la calligraphie<\/a><\/div>\r\n\t\t\r\n\t\t<h2 class=\"wpspw-post-title\">\r\n\t\t\t<a href=\"https:\/\/zoezephyyr.com\/en\/2019\/04\/06\/le-materiel-pour-debuter-la-calligraphie\/\">Le mat\u00e9riel pour d\u00e9buter la calligraphie<\/a>\r\n\t\t<\/h2>\r\n\r\n\t\t\t\t\t<div class=\"wpspw-post-date\">\r\n\t\t\t\t\t\t\t\t\t<span>\r\n\t\t\t\t\t\tBy <a href=\"https:\/\/zoezephyyr.com\/en\/author\/zoezephyyr\/\">zoezephyyr<\/a>\r\n\t\t\t\t\t<\/span>\r\n\t\t\t\t&nbsp;\/&nbsp;6 April 2019\t\t\t<\/div>\r\n\t\t\t\t\t<div class=\"wpspw-post-content\">\r\n\t\t\t\t\t\t\t\t\t<div>\r\n\t\t\t\t\t\tCommen\u00e7ons donc par quelque chose d'un peu plus concret, \u00e0 savoir le mat\u00e9riel pour d\u00e9buter la calligraphie. C'est une question qui m'est \u00e9norm\u00e9ment pos\u00e9e sur Instagram. Je vais donc prendre le temps d'y r\u00e9pondre ici. \t\t\t\t\t<\/div>\r\n\t\t\t\t\t<a class=\"wpspw-readmorebtn\" href=\"https:\/\/zoezephyyr.com\/en\/2019\/04\/06\/le-materiel-pour-debuter-la-calligraphie\/\">Read More<\/a>\r\n\t\t\t\t\t\t\t<\/div>\r\n\t\t\t\t\t<div class=\"wpswp-post-tags\">Tags: <a href=\"https:\/\/zoezephyyr.com\/en\/tag\/calligraphie\/\" rel=\"tag\">Calligraphy<\/a>, <a href=\"https:\/\/zoezephyyr.com\/en\/tag\/calligraphie-anglaise\/\" rel=\"tag\">Calligraphie anglaise<\/a>, <a href=\"https:\/\/zoezephyyr.com\/en\/tag\/calligraphie-medievale\/\" rel=\"tag\">Calligraphie m\u00e9di\u00e9vale<\/a>, <a href=\"https:\/\/zoezephyyr.com\/en\/tag\/debutant-calligraphie\/\" rel=\"tag\">D\u00e9butant calligraphie<\/a>, <a href=\"https:\/\/zoezephyyr.com\/en\/tag\/debuter-la-calligraphie\/\" rel=\"tag\">D\u00e9buter la calligraphie<\/a>, <a href=\"https:\/\/zoezephyyr.com\/en\/tag\/materiel\/\" rel=\"tag\">Mat\u00e9riel<\/a>, <a href=\"https:\/\/zoezephyyr.com\/en\/tag\/materiel-calligraphie\/\" rel=\"tag\">Mat\u00e9riel Calligraphie<\/a>, <a href=\"https:\/\/zoezephyyr.com\/en\/tag\/quel-materiel-pour-debuter-la-calligraphie\/\" rel=\"tag\">Quel mat\u00e9riel pour d\u00e9buter la calligraphie ?<\/a>, <a href=\"https:\/\/zoezephyyr.com\/en\/tag\/tutoriel-calligraphie\/\" rel=\"tag\">Tutoriel Calligraphie<\/a><\/div>\r\n\t\t\t\t\t<div class=\"wpswp-post-comments\">\r\n\t\t\t\t<a href=\"https:\/\/zoezephyyr.com\/en\/2019\/04\/06\/le-materiel-pour-debuter-la-calligraphie\/\/#comments\">8 Replies<\/a>\r\n\t\t\t<\/div>\r\n\t\t\t<\/div>\r\n<\/div>\r\n\t\t\t\t\t<\/div>\r\n\r\n\t<\/strong><\/p>","protected":false},"excerpt":{"rendered":"","protected":false},"author":1,"featured_media":0,"parent":0,"menu_order":0,"comment_status":"open","ping_status":"closed","template":"","meta":{"_seopress_robots_primary_cat":"","_seopress_titles_title":"","_seopress_titles_desc":"","_seopress_robots_index":"","footnotes":""},"class_list":["post-47","page","type-page","status-publish","hentry"],"jetpack_sharing_enabled":true,"_links":{"self":[{"href":"https:\/\/zoezephyyr.com\/en\/wp-json\/wp\/v2\/pages\/47","targetHints":{"allow":["GET"]}}],"collection":[{"href":"https:\/\/zoezephyyr.com\/en\/wp-json\/wp\/v2\/pages"}],"about":[{"href":"https:\/\/zoezephyyr.com\/en\/wp-json\/wp\/v2\/types\/page"}],"author":[{"embeddable":true,"href":"https:\/\/zoezephyyr.com\/en\/wp-json\/wp\/v2\/users\/1"}],"replies":[{"embeddable":true,"href":"https:\/\/zoezephyyr.com\/en\/wp-json\/wp\/v2\/comments?post=47"}],"version-history":[{"count":2,"href":"https:\/\/zoezephyyr.com\/en\/wp-json\/wp\/v2\/pages\/47\/revisions"}],"predecessor-version":[{"id":282,"href":"https:\/\/zoezephyyr.com\/en\/wp-json\/wp\/v2\/pages\/47\/revisions\/282"}],"wp:attachment":[{"href":"https:\/\/zoezephyyr.com\/en\/wp-json\/wp\/v2\/media?parent=47"}],"curies":[{"name":"wp","href":"https:\/\/api.w.org\/{rel}","templated":true}]}}