{"id":400,"date":"2019-05-22T18:53:12","date_gmt":"2019-05-22T16:53:12","guid":{"rendered":"http:\/\/zoezephyyr.com\/?page_id=400"},"modified":"2025-01-03T18:51:34","modified_gmt":"2025-01-03T17:51:34","slug":"papeterie-mariage","status":"publish","type":"page","link":"https:\/\/zoezephyyr.com\/en\/papeterie-mariage\/","title":{"rendered":"Papeterie mariage"},"content":{"rendered":"<div data-elementor-type=\"wp-page\" data-elementor-id=\"400\" class=\"elementor elementor-400\" data-elementor-post-type=\"page\">\n\t\t\t\t\t\t<section class=\"elementor-section elementor-top-section elementor-element elementor-element-38f5e71c elementor-section-boxed elementor-section-height-default elementor-section-height-default\" data-id=\"38f5e71c\" data-element_type=\"section\">\n\t\t\t\t\t\t<div class=\"elementor-container elementor-column-gap-default\">\n\t\t\t\t\t<div class=\"elementor-column elementor-col-100 elementor-top-column elementor-element elementor-element-632f4733\" data-id=\"632f4733\" data-element_type=\"column\">\n\t\t\t<div class=\"elementor-widget-wrap elementor-element-populated\">\n\t\t\t\t\t\t<div class=\"elementor-element elementor-element-9a7fe6b elementor-widget elementor-widget-heading\" data-id=\"9a7fe6b\" data-element_type=\"widget\" data-widget_type=\"heading.default\">\n\t\t\t\t<div class=\"elementor-widget-container\">\n\t\t\t\t\t<h2 class=\"elementor-heading-title elementor-size-default\">Wedding stationery<\/h2>\t\t\t\t<\/div>\n\t\t\t\t<\/div>\n\t\t\t\t<div class=\"elementor-element elementor-element-47c650e elementor-widget elementor-widget-text-editor\" data-id=\"47c650e\" data-element_type=\"widget\" data-widget_type=\"text-editor.default\">\n\t\t\t\t<div class=\"elementor-widget-container\">\n\t\t\t\t\t\t\t\t\t<p>Wedding stationery is like a gift for the people you love the most! It allows your guests to imagine your big day at first sight. It's also a keepsake that will follow you for years.\u00a0<\/p>\t\t\t\t\t\t\t\t<\/div>\n\t\t\t\t<\/div>\n\t\t\t\t\t<\/div>\n\t\t<\/div>\n\t\t\t\t\t<\/div>\n\t\t<\/section>\n\t\t\t\t<section class=\"elementor-section elementor-top-section elementor-element elementor-element-b253314 elementor-section-boxed elementor-section-height-default elementor-section-height-default\" data-id=\"b253314\" data-element_type=\"section\">\n\t\t\t\t\t\t<div class=\"elementor-container elementor-column-gap-default\">\n\t\t\t\t\t<div class=\"elementor-column elementor-col-33 elementor-top-column elementor-element elementor-element-a88125f\" data-id=\"a88125f\" data-element_type=\"column\">\n\t\t\t<div class=\"elementor-widget-wrap elementor-element-populated\">\n\t\t\t\t\t\t<div class=\"elementor-element elementor-element-cc4ddaf elementor-widget elementor-widget-image\" data-id=\"cc4ddaf\" data-element_type=\"widget\" data-widget_type=\"image.default\">\n\t\t\t\t<div class=\"elementor-widget-container\">\n\t\t\t\t\t\t\t\t\t\t\t\t\t\t\t<img decoding=\"async\" src=\"https:\/\/zoezephyyr.com\/wp-content\/uploads\/2024\/12\/SN-7-e1735220248619.jpg\" title=\"S&#038;N 7\" alt=\"S&amp;N 7\" loading=\"lazy\" \/>\t\t\t\t\t\t\t\t\t\t\t\t\t\t\t<\/div>\n\t\t\t\t<\/div>\n\t\t\t\t<div class=\"elementor-element elementor-element-da02cf1 elementor-widget elementor-widget-heading\" data-id=\"da02cf1\" data-element_type=\"widget\" data-widget_type=\"heading.default\">\n\t\t\t\t<div class=\"elementor-widget-container\">\n\t\t\t\t\t<h2 class=\"elementor-heading-title elementor-size-default\">Custom stationery<\/h2>\t\t\t\t<\/div>\n\t\t\t\t<\/div>\n\t\t\t\t<div class=\"elementor-element elementor-element-fbb5268 elementor-widget elementor-widget-text-editor\" data-id=\"fbb5268\" data-element_type=\"widget\" data-widget_type=\"text-editor.default\">\n\t\t\t\t<div class=\"elementor-widget-container\">\n\t\t\t\t\t\t\t\t\t<p>Bespoke stationery is made entirely for you. Each piece is individually worked to offer you a splendid high-end stationery.\u00a0<\/p>\t\t\t\t\t\t\t\t<\/div>\n\t\t\t\t<\/div>\n\t\t\t\t<div class=\"elementor-element elementor-element-d36598c elementor-align-center elementor-widget elementor-widget-button\" data-id=\"d36598c\" data-element_type=\"widget\" data-widget_type=\"button.default\">\n\t\t\t\t<div class=\"elementor-widget-container\">\n\t\t\t\t\t\t\t\t\t<div class=\"elementor-button-wrapper\">\n\t\t\t\t\t<a class=\"elementor-button elementor-button-link elementor-size-sm\" href=\"https:\/\/zoezephyyr.com\/en\/papeterie-sur-mesure\/\">\n\t\t\t\t\t\t<span class=\"elementor-button-content-wrapper\">\n\t\t\t\t\t\t\t\t\t<span class=\"elementor-button-text\">To know more<\/span>\n\t\t\t\t\t<\/span>\n\t\t\t\t\t<\/a>\n\t\t\t\t<\/div>\n\t\t\t\t\t\t\t\t<\/div>\n\t\t\t\t<\/div>\n\t\t\t\t\t<\/div>\n\t\t<\/div>\n\t\t\t\t<div class=\"elementor-column elementor-col-33 elementor-top-column elementor-element elementor-element-947492e\" data-id=\"947492e\" data-element_type=\"column\">\n\t\t\t<div class=\"elementor-widget-wrap elementor-element-populated\">\n\t\t\t\t\t\t<div class=\"elementor-element elementor-element-1cf45c7 elementor-widget elementor-widget-image\" data-id=\"1cf45c7\" data-element_type=\"widget\" data-widget_type=\"image.default\">\n\t\t\t\t<div class=\"elementor-widget-container\">\n\t\t\t\t\t\t\t\t\t\t\t\t\t\t\t<img fetchpriority=\"high\" decoding=\"async\" width=\"1440\" height=\"1440\" src=\"https:\/\/zoezephyyr.com\/wp-content\/uploads\/2024\/12\/MS-3-e1735220193894.jpg\" class=\"attachment-full size-full wp-image-8988\" alt=\"\" srcset=\"https:\/\/zoezephyyr.com\/wp-content\/uploads\/2024\/12\/MS-3-e1735220193894.jpg 1440w, https:\/\/zoezephyyr.com\/wp-content\/uploads\/2024\/12\/MS-3-e1735220193894-300x300.jpg 300w, https:\/\/zoezephyyr.com\/wp-content\/uploads\/2024\/12\/MS-3-e1735220193894-1024x1024.jpg 1024w, https:\/\/zoezephyyr.com\/wp-content\/uploads\/2024\/12\/MS-3-e1735220193894-150x150.jpg 150w, https:\/\/zoezephyyr.com\/wp-content\/uploads\/2024\/12\/MS-3-e1735220193894-768x768.jpg 768w, https:\/\/zoezephyyr.com\/wp-content\/uploads\/2024\/12\/MS-3-e1735220193894-12x12.jpg 12w, https:\/\/zoezephyyr.com\/wp-content\/uploads\/2024\/12\/MS-3-e1735220193894-600x600.jpg 600w, https:\/\/zoezephyyr.com\/wp-content\/uploads\/2024\/12\/MS-3-e1735220193894-100x100.jpg 100w\" sizes=\"(max-width: 1440px) 100vw, 1440px\" \/>\t\t\t\t\t\t\t\t\t\t\t\t\t\t\t<\/div>\n\t\t\t\t<\/div>\n\t\t\t\t<div class=\"elementor-element elementor-element-f6574ff elementor-widget elementor-widget-heading\" data-id=\"f6574ff\" data-element_type=\"widget\" data-widget_type=\"heading.default\">\n\t\t\t\t<div class=\"elementor-widget-container\">\n\t\t\t\t\t<h2 class=\"elementor-heading-title elementor-size-default\">Semi-custom stationery<\/h2>\t\t\t\t<\/div>\n\t\t\t\t<\/div>\n\t\t\t\t<div class=\"elementor-element elementor-element-479f571 elementor-widget elementor-widget-text-editor\" data-id=\"479f571\" data-element_type=\"widget\" data-widget_type=\"text-editor.default\">\n\t\t\t\t<div class=\"elementor-widget-container\">\n\t\t\t\t\t\t\t\t\t<p>These semi-custom collections are a great way to take advantage of sophisticated, elegant designs and turn them into stationery that's uniquely yours.<\/p>\t\t\t\t\t\t\t\t<\/div>\n\t\t\t\t<\/div>\n\t\t\t\t<div class=\"elementor-element elementor-element-06d9320 elementor-align-center elementor-widget elementor-widget-button\" data-id=\"06d9320\" data-element_type=\"widget\" data-widget_type=\"button.default\">\n\t\t\t\t<div class=\"elementor-widget-container\">\n\t\t\t\t\t\t\t\t\t<div class=\"elementor-button-wrapper\">\n\t\t\t\t\t<a class=\"elementor-button elementor-button-link elementor-size-sm\" href=\"https:\/\/zoezephyyr.com\/en\/semi_mesure\/\">\n\t\t\t\t\t\t<span class=\"elementor-button-content-wrapper\">\n\t\t\t\t\t\t\t\t\t<span class=\"elementor-button-text\">Discover the collections<\/span>\n\t\t\t\t\t<\/span>\n\t\t\t\t\t<\/a>\n\t\t\t\t<\/div>\n\t\t\t\t\t\t\t\t<\/div>\n\t\t\t\t<\/div>\n\t\t\t\t\t<\/div>\n\t\t<\/div>\n\t\t\t\t<div class=\"elementor-column elementor-col-33 elementor-top-column elementor-element elementor-element-a17d393\" data-id=\"a17d393\" data-element_type=\"column\">\n\t\t\t<div class=\"elementor-widget-wrap elementor-element-populated\">\n\t\t\t\t\t\t<div class=\"elementor-element elementor-element-6ffced4 elementor-widget elementor-widget-image\" data-id=\"6ffced4\" data-element_type=\"widget\" data-widget_type=\"image.default\">\n\t\t\t\t<div class=\"elementor-widget-container\">\n\t\t\t\t\t\t\t\t\t\t\t\t\t\t\t<img decoding=\"async\" src=\"https:\/\/zoezephyyr.com\/wp-content\/uploads\/elementor\/thumbs\/La_Fileuse_Orties_retouches_By_Juli_Etta-216-2-qukngwhywi27263e72of14jpncelr92lks633ke03k.jpg\" title=\"La_Fileuse_Orties_retouches_By_Juli_Etta-216 2\" alt=\"La_Fileuse_Orties_retouches_By_Juli_Etta-216 2\" loading=\"lazy\" \/>\t\t\t\t\t\t\t\t\t\t\t\t\t\t\t<\/div>\n\t\t\t\t<\/div>\n\t\t\t\t<div class=\"elementor-element elementor-element-487604c elementor-widget elementor-widget-heading\" data-id=\"487604c\" data-element_type=\"widget\" data-widget_type=\"heading.default\">\n\t\t\t\t<div class=\"elementor-widget-container\">\n\t\t\t\t\t<h2 class=\"elementor-heading-title elementor-size-default\">Day of stationery<\/h2>\t\t\t\t<\/div>\n\t\t\t\t<\/div>\n\t\t\t\t<div class=\"elementor-element elementor-element-6431244 elementor-widget elementor-widget-text-editor\" data-id=\"6431244\" data-element_type=\"widget\" data-widget_type=\"text-editor.default\">\n\t\t\t\t<div class=\"elementor-widget-container\">\n\t\t\t\t\t\t\t\t\t<p>Place cards, menus, table plan, and many other pretty papers that will enhance your big day.\u00a0<\/p>\t\t\t\t\t\t\t\t<\/div>\n\t\t\t\t<\/div>\n\t\t\t\t<div class=\"elementor-element elementor-element-132808e elementor-align-center elementor-widget elementor-widget-button\" data-id=\"132808e\" data-element_type=\"widget\" data-widget_type=\"button.default\">\n\t\t\t\t<div class=\"elementor-widget-container\">\n\t\t\t\t\t\t\t\t\t<div class=\"elementor-button-wrapper\">\n\t\t\t\t\t<a class=\"elementor-button elementor-button-link elementor-size-sm\" href=\"https:\/\/zoezephyyr.com\/en\/papeterie-du-jour-j\/\">\n\t\t\t\t\t\t<span class=\"elementor-button-content-wrapper\">\n\t\t\t\t\t\t\t\t\t<span class=\"elementor-button-text\">To know more<\/span>\n\t\t\t\t\t<\/span>\n\t\t\t\t\t<\/a>\n\t\t\t\t<\/div>\n\t\t\t\t\t\t\t\t<\/div>\n\t\t\t\t<\/div>\n\t\t\t\t\t<\/div>\n\t\t<\/div>\n\t\t\t\t\t<\/div>\n\t\t<\/section>\n\t\t\t\t<\/div>","protected":false},"excerpt":{"rendered":"<p>Papeterie de mariage La papeterie de mariage est comme un cadeau pour les personnes que vous aimez le plus ! Elle permet \u00e0 vos invit\u00e9s d&rsquo;imaginer votre grand jour au premier regard. C&rsquo;est aussi un souvenir qui vous suivra pendant des ann\u00e9es.\u00a0 Papeterie sur-mesure La papeterie sur-mesure est fabriqu\u00e9e enti\u00e8rement \u00e0 votre image. Chaque pi\u00e8ce [&hellip;]<\/p>","protected":false},"author":1,"featured_media":0,"parent":0,"menu_order":0,"comment_status":"closed","ping_status":"closed","template":"","meta":{"_seopress_robots_primary_cat":"","_seopress_titles_title":"","_seopress_titles_desc":"","_seopress_robots_index":"","footnotes":""},"class_list":["post-400","page","type-page","status-publish","hentry"],"jetpack_sharing_enabled":true,"_links":{"self":[{"href":"https:\/\/zoezephyyr.com\/en\/wp-json\/wp\/v2\/pages\/400","targetHints":{"allow":["GET"]}}],"collection":[{"href":"https:\/\/zoezephyyr.com\/en\/wp-json\/wp\/v2\/pages"}],"about":[{"href":"https:\/\/zoezephyyr.com\/en\/wp-json\/wp\/v2\/types\/page"}],"author":[{"embeddable":true,"href":"https:\/\/zoezephyyr.com\/en\/wp-json\/wp\/v2\/users\/1"}],"replies":[{"embeddable":true,"href":"https:\/\/zoezephyyr.com\/en\/wp-json\/wp\/v2\/comments?post=400"}],"version-history":[{"count":66,"href":"https:\/\/zoezephyyr.com\/en\/wp-json\/wp\/v2\/pages\/400\/revisions"}],"predecessor-version":[{"id":9019,"href":"https:\/\/zoezephyyr.com\/en\/wp-json\/wp\/v2\/pages\/400\/revisions\/9019"}],"wp:attachment":[{"href":"https:\/\/zoezephyyr.com\/en\/wp-json\/wp\/v2\/media?parent=400"}],"curies":[{"name":"wp","href":"https:\/\/api.w.org\/{rel}","templated":true}]}}