{"id":36,"date":"2018-12-24T17:19:16","date_gmt":"2018-12-24T16:19:16","guid":{"rendered":"http:\/\/zoezephyyr.com\/?page_id=36"},"modified":"2024-12-23T15:04:21","modified_gmt":"2024-12-23T14:04:21","slug":"a-propos","status":"publish","type":"page","link":"https:\/\/zoezephyyr.com\/en\/a-propos\/","title":{"rendered":"About"},"content":{"rendered":"<div data-elementor-type=\"wp-page\" data-elementor-id=\"36\" class=\"elementor elementor-36\" data-elementor-post-type=\"page\">\n\t\t\t\t\t\t<section class=\"elementor-section elementor-top-section elementor-element elementor-element-252e7745 elementor-section-boxed elementor-section-height-default elementor-section-height-default\" data-id=\"252e7745\" data-element_type=\"section\">\n\t\t\t\t\t\t<div class=\"elementor-container elementor-column-gap-default\">\n\t\t\t\t\t<div class=\"elementor-column elementor-col-100 elementor-top-column elementor-element elementor-element-6a296308\" data-id=\"6a296308\" data-element_type=\"column\">\n\t\t\t<div class=\"elementor-widget-wrap elementor-element-populated\">\n\t\t\t\t\t\t<section class=\"elementor-section elementor-inner-section elementor-element elementor-element-517de62 elementor-section-boxed elementor-section-height-default elementor-section-height-default\" data-id=\"517de62\" data-element_type=\"section\">\n\t\t\t\t\t\t<div class=\"elementor-container elementor-column-gap-default\">\n\t\t\t\t\t<div class=\"elementor-column elementor-col-50 elementor-inner-column elementor-element elementor-element-8352da2\" data-id=\"8352da2\" data-element_type=\"column\">\n\t\t\t<div class=\"elementor-widget-wrap elementor-element-populated\">\n\t\t\t\t\t\t<div class=\"elementor-element elementor-element-caf723a elementor-widget elementor-widget-image\" data-id=\"caf723a\" data-element_type=\"widget\" data-widget_type=\"image.default\">\n\t\t\t\t<div class=\"elementor-widget-container\">\n\t\t\t\t\t\t\t\t\t\t\t\t\t\t\t<img fetchpriority=\"high\" decoding=\"async\" width=\"1024\" height=\"685\" src=\"https:\/\/zoezephyyr.com\/wp-content\/uploads\/2022\/07\/Image-1-21-Modifier-1024x685.jpg\" class=\"attachment-large size-large wp-image-6868\" alt=\"\" srcset=\"https:\/\/zoezephyyr.com\/wp-content\/uploads\/2022\/07\/Image-1-21-Modifier-1024x685.jpg 1024w, https:\/\/zoezephyyr.com\/wp-content\/uploads\/2022\/07\/Image-1-21-Modifier-300x201.jpg 300w, https:\/\/zoezephyyr.com\/wp-content\/uploads\/2022\/07\/Image-1-21-Modifier-768x514.jpg 768w, https:\/\/zoezephyyr.com\/wp-content\/uploads\/2022\/07\/Image-1-21-Modifier-1536x1028.jpg 1536w, https:\/\/zoezephyyr.com\/wp-content\/uploads\/2022\/07\/Image-1-21-Modifier-2048x1371.jpg 2048w, https:\/\/zoezephyyr.com\/wp-content\/uploads\/2022\/07\/Image-1-21-Modifier-1140x763.jpg 1140w, https:\/\/zoezephyyr.com\/wp-content\/uploads\/2022\/07\/Image-1-21-Modifier-600x402.jpg 600w, https:\/\/zoezephyyr.com\/wp-content\/uploads\/2022\/07\/Image-1-21-Modifier-scaled.jpg 1920w\" sizes=\"(max-width: 1024px) 100vw, 1024px\" \/>\t\t\t\t\t\t\t\t\t\t\t\t\t\t\t<\/div>\n\t\t\t\t<\/div>\n\t\t\t\t<div class=\"elementor-element elementor-element-3f85b99 elementor-widget elementor-widget-text-editor\" data-id=\"3f85b99\" data-element_type=\"widget\" data-widget_type=\"text-editor.default\">\n\t\t\t\t<div class=\"elementor-widget-container\">\n\t\t\t\t\t\t\t\t\t<p style=\"color: #6c6a6a;\"><span style=\"letter-spacing: 0px; color: #3c3b3b; text-align: left;\">I am Zo\u00e9 Brochard, the calligrapher and stationer behind Zoezephyyr.<\/span><\/p><p style=\"color: #6c6a6a;\"><span style=\"color: #3c3b3b; letter-spacing: 0px; text-align: left;\">I discovered calligraphy in the shop of the  Castelnaud Castle, in Dordogne, France, after a visit ten years ago. I haven't stopped writing since. In love with beautiful writings and beautiful papers, I<\/span><span style=\"color: #3c3b3b; text-align: left;\">take great pleasure in studying the oldest forms of writing and learning a little more every day to master the art of traditional writing.\u00a0<\/span><span style=\"color: #3c3b3b; letter-spacing: 0px; text-align: left;\">C&rsquo;est en 2019 que j&rsquo;ai fond\u00e9 l&rsquo;atelier Zoezephyyr, tout en \u00e9tudiant l&rsquo;Histoire \u00e0 l&rsquo;universit\u00e9 en parall\u00e8le. Dipl\u00f4m\u00e9e depuis 2021, je me consacre d\u00e9sormais pleinement \u00e0 cette activit\u00e9.<\/span><\/p>\t\t\t\t\t\t\t\t<\/div>\n\t\t\t\t<\/div>\n\t\t\t\t\t<\/div>\n\t\t<\/div>\n\t\t\t\t<div class=\"elementor-column elementor-col-50 elementor-inner-column elementor-element elementor-element-3609c3c\" data-id=\"3609c3c\" data-element_type=\"column\">\n\t\t\t<div class=\"elementor-widget-wrap elementor-element-populated\">\n\t\t\t\t\t\t<div class=\"elementor-element elementor-element-cb9fed0 elementor-widget elementor-widget-heading\" data-id=\"cb9fed0\" data-element_type=\"widget\" data-widget_type=\"heading.default\">\n\t\t\t\t<div class=\"elementor-widget-container\">\n\t\t\t\t\t<h1 class=\"elementor-heading-title elementor-size-default\">About<\/h1>\t\t\t\t<\/div>\n\t\t\t\t<\/div>\n\t\t\t\t<div class=\"elementor-element elementor-element-8875fa7 elementor-widget elementor-widget-text-editor\" data-id=\"8875fa7\" data-element_type=\"widget\" data-widget_type=\"text-editor.default\">\n\t\t\t\t<div class=\"elementor-widget-container\">\n\t\t\t\t\t\t\t\t\t<p style=\"color: #6c6a6a; text-align: center;\"><span style=\"background-color: #f6f0ed; color: #303030; font-family: Manrope, sans-serif; font-size: 14px; text-align: justify; font-weight: var( --e-global-typography-text-font-weight );\">Zoezephyyr est un atelier de calligraphie et de papeterie artisanale bas\u00e9 \u00e0 Rouen. Ici, le papier est fabriqu\u00e9 \u00e0 la main, feuille apr\u00e8s feuille, \u00e0 partir de fibres recycl\u00e9es, dans le respect des techniques traditionnelles et de l&rsquo;environnement.\u00a0<br \/>Zoezephyyr est sp\u00e9cialis\u00e9 dans la fabrication de papiers artisanaux \u00e0 destination d&rsquo;artistes, amateurs comme professionnels, ainsi que dans la conception d&rsquo;une papeterie haut de gamme, principalement de mariage et de naissance.<\/span><\/p><p style=\"color: #6c6a6a; text-align: center;\">\u00a0<\/p>\t\t\t\t\t\t\t\t<\/div>\n\t\t\t\t<\/div>\n\t\t\t\t<div class=\"elementor-element elementor-element-28abfff elementor-widget elementor-widget-image\" data-id=\"28abfff\" data-element_type=\"widget\" data-widget_type=\"image.default\">\n\t\t\t\t<div class=\"elementor-widget-container\">\n\t\t\t\t\t\t\t\t\t\t\t\t\t\t\t<img decoding=\"async\" width=\"1024\" height=\"684\" src=\"https:\/\/zoezephyyr.com\/wp-content\/uploads\/2021\/08\/ZOEZEPHYYR1-1024x684.jpg\" class=\"attachment-large size-large wp-image-5877\" alt=\"\" srcset=\"https:\/\/zoezephyyr.com\/wp-content\/uploads\/2021\/08\/ZOEZEPHYYR1-1024x684.jpg 1024w, https:\/\/zoezephyyr.com\/wp-content\/uploads\/2021\/08\/ZOEZEPHYYR1-300x200.jpg 300w, https:\/\/zoezephyyr.com\/wp-content\/uploads\/2021\/08\/ZOEZEPHYYR1-768x513.jpg 768w, https:\/\/zoezephyyr.com\/wp-content\/uploads\/2021\/08\/ZOEZEPHYYR1-1536x1025.jpg 1536w, https:\/\/zoezephyyr.com\/wp-content\/uploads\/2021\/08\/ZOEZEPHYYR1-2048x1367.jpg 2048w, https:\/\/zoezephyyr.com\/wp-content\/uploads\/2021\/08\/ZOEZEPHYYR1-1140x761.jpg 1140w, https:\/\/zoezephyyr.com\/wp-content\/uploads\/2021\/08\/ZOEZEPHYYR1-scaled.jpg 1920w\" sizes=\"(max-width: 1024px) 100vw, 1024px\" \/>\t\t\t\t\t\t\t\t\t\t\t\t\t\t\t<\/div>\n\t\t\t\t<\/div>\n\t\t\t\t\t<\/div>\n\t\t<\/div>\n\t\t\t\t\t<\/div>\n\t\t<\/section>\n\t\t\t\t\t<\/div>\n\t\t<\/div>\n\t\t\t\t\t<\/div>\n\t\t<\/section>\n\t\t\t\t<section class=\"elementor-section elementor-top-section elementor-element elementor-element-bb766c6 elementor-section-boxed elementor-section-height-default elementor-section-height-default\" data-id=\"bb766c6\" data-element_type=\"section\">\n\t\t\t\t\t\t<div class=\"elementor-container elementor-column-gap-default\">\n\t\t\t\t\t<div class=\"elementor-column elementor-col-100 elementor-top-column elementor-element elementor-element-257ed4d\" data-id=\"257ed4d\" data-element_type=\"column\">\n\t\t\t<div class=\"elementor-widget-wrap elementor-element-populated\">\n\t\t\t\t\t\t<section class=\"elementor-section elementor-inner-section elementor-element elementor-element-5ea191e elementor-section-boxed elementor-section-height-default elementor-section-height-default\" data-id=\"5ea191e\" data-element_type=\"section\">\n\t\t\t\t\t\t<div class=\"elementor-container elementor-column-gap-default\">\n\t\t\t\t\t<div class=\"elementor-column elementor-col-50 elementor-inner-column elementor-element elementor-element-1bdc568\" data-id=\"1bdc568\" data-element_type=\"column\">\n\t\t\t<div class=\"elementor-widget-wrap elementor-element-populated\">\n\t\t\t\t\t\t<div class=\"elementor-element elementor-element-3b9046a elementor-widget elementor-widget-image\" data-id=\"3b9046a\" data-element_type=\"widget\" data-widget_type=\"image.default\">\n\t\t\t\t<div class=\"elementor-widget-container\">\n\t\t\t\t\t\t\t\t\t\t\t\t\t\t\t<img decoding=\"async\" width=\"1024\" height=\"684\" src=\"https:\/\/zoezephyyr.com\/wp-content\/uploads\/2021\/08\/ZOEZEPHYYR19-1024x684.jpg\" class=\"attachment-large size-large wp-image-5863\" alt=\"\" srcset=\"https:\/\/zoezephyyr.com\/wp-content\/uploads\/2021\/08\/ZOEZEPHYYR19-1024x684.jpg 1024w, https:\/\/zoezephyyr.com\/wp-content\/uploads\/2021\/08\/ZOEZEPHYYR19-300x200.jpg 300w, https:\/\/zoezephyyr.com\/wp-content\/uploads\/2021\/08\/ZOEZEPHYYR19-768x513.jpg 768w, https:\/\/zoezephyyr.com\/wp-content\/uploads\/2021\/08\/ZOEZEPHYYR19-1536x1025.jpg 1536w, https:\/\/zoezephyyr.com\/wp-content\/uploads\/2021\/08\/ZOEZEPHYYR19-2048x1367.jpg 2048w, https:\/\/zoezephyyr.com\/wp-content\/uploads\/2021\/08\/ZOEZEPHYYR19-1140x761.jpg 1140w, https:\/\/zoezephyyr.com\/wp-content\/uploads\/2021\/08\/ZOEZEPHYYR19-scaled.jpg 1920w\" sizes=\"(max-width: 1024px) 100vw, 1024px\" \/>\t\t\t\t\t\t\t\t\t\t\t\t\t\t\t<\/div>\n\t\t\t\t<\/div>\n\t\t\t\t\t<\/div>\n\t\t<\/div>\n\t\t\t\t<div class=\"elementor-column elementor-col-50 elementor-inner-column elementor-element elementor-element-8de019c\" data-id=\"8de019c\" data-element_type=\"column\">\n\t\t\t<div class=\"elementor-widget-wrap elementor-element-populated\">\n\t\t\t\t\t\t<div class=\"elementor-element elementor-element-9d16874 elementor-widget elementor-widget-text-editor\" data-id=\"9d16874\" data-element_type=\"widget\" data-widget_type=\"text-editor.default\">\n\t\t\t\t<div class=\"elementor-widget-container\">\n\t\t\t\t\t\t\t\t\t<p><span style=\"color: #484747; text-align: center;\">It was in 2019 that I started making handmade paper. My paper is mainly made from recycled paper. It's a small gesture for the planet that turns into a unique, textured piece, perfect in its imperfection. Making handmade paper is a time-consuming and physical process, from developing the perfect pulp recipe, to couching and pressing the paper. Each sheet is made one by one with care.&nbsp;<\/span><\/p>\t\t\t\t\t\t\t\t<\/div>\n\t\t\t\t<\/div>\n\t\t\t\t\t<\/div>\n\t\t<\/div>\n\t\t\t\t\t<\/div>\n\t\t<\/section>\n\t\t\t\t<div class=\"elementor-element elementor-element-941e458 elementor-widget-divider--view-line elementor-widget elementor-widget-divider\" data-id=\"941e458\" data-element_type=\"widget\" data-widget_type=\"divider.default\">\n\t\t\t\t<div class=\"elementor-widget-container\">\n\t\t\t\t\t\t\t<div class=\"elementor-divider\">\n\t\t\t<span class=\"elementor-divider-separator\">\n\t\t\t\t\t\t<\/span>\n\t\t<\/div>\n\t\t\t\t\t\t<\/div>\n\t\t\t\t<\/div>\n\t\t\t\t<section class=\"elementor-section elementor-inner-section elementor-element elementor-element-e23e62e elementor-section-boxed elementor-section-height-default elementor-section-height-default\" data-id=\"e23e62e\" data-element_type=\"section\">\n\t\t\t\t\t\t<div class=\"elementor-container elementor-column-gap-default\">\n\t\t\t\t\t<div class=\"elementor-column elementor-col-100 elementor-inner-column elementor-element elementor-element-a4d7bbc\" data-id=\"a4d7bbc\" data-element_type=\"column\">\n\t\t\t<div class=\"elementor-widget-wrap elementor-element-populated\">\n\t\t\t\t\t\t<div class=\"elementor-element elementor-element-1b675c8 elementor-widget elementor-widget-heading\" data-id=\"1b675c8\" data-element_type=\"widget\" data-widget_type=\"heading.default\">\n\t\t\t\t<div class=\"elementor-widget-container\">\n\t\t\t\t\t<h4 class=\"elementor-heading-title elementor-size-default\">Zoezephyyr's commitments<\/h4>\t\t\t\t<\/div>\n\t\t\t\t<\/div>\n\t\t\t\t<div class=\"elementor-element elementor-element-3c085d0 elementor-widget elementor-widget-text-editor\" data-id=\"3c085d0\" data-element_type=\"widget\" data-widget_type=\"text-editor.default\">\n\t\t\t\t<div class=\"elementor-widget-container\">\n\t\t\t\t\t\t\t\t\t<p>The workshop mainly uses recycled paper recovered from local businesses and schools to give them a second life.\u00a0<br \/>Lorsqu&rsquo;on utilise d&rsquo;autres fibres, il s&rsquo;agit uniquement de fibres v\u00e9g\u00e9tales, comme le coton ou tr\u00e8s occasionnellement le lin et le kozo. Le coton que nous utilisons pour la fabrication de papier provient d&rsquo;une partie de la graine de coton qui est initialement jet\u00e9e par l&rsquo;industrie textile.<br \/>Notre papier est vegan (nous n&rsquo;utilisons pas de g\u00e9latine animale, fr\u00e9quemment utilis\u00e9e dans la fabrication de certains papiers artisanaux), les pigments que nous utilisons pour colorer notre papier sont des pigments min\u00e9raux pour la plupart, originaires de France et d&rsquo;Italie.\u00a0<br \/>Our paper with dried petal inclusions is made with French petals grown in the North of France on a family farm, then picked and dried by hand.\u00a0<\/p>\t\t\t\t\t\t\t\t<\/div>\n\t\t\t\t<\/div>\n\t\t\t\t\t<\/div>\n\t\t<\/div>\n\t\t\t\t\t<\/div>\n\t\t<\/section>\n\t\t\t\t<div class=\"elementor-element elementor-element-39a2377 elementor-widget-divider--view-line elementor-widget elementor-widget-divider\" data-id=\"39a2377\" data-element_type=\"widget\" data-widget_type=\"divider.default\">\n\t\t\t\t<div class=\"elementor-widget-container\">\n\t\t\t\t\t\t\t<div class=\"elementor-divider\">\n\t\t\t<span class=\"elementor-divider-separator\">\n\t\t\t\t\t\t<\/span>\n\t\t<\/div>\n\t\t\t\t\t\t<\/div>\n\t\t\t\t<\/div>\n\t\t\t\t<div class=\"elementor-element elementor-element-33f5103 elementor-widget elementor-widget-text-editor\" data-id=\"33f5103\" data-element_type=\"widget\" data-widget_type=\"text-editor.default\">\n\t\t\t\t<div class=\"elementor-widget-container\">\n\t\t\t\t\t\t\t\t\t<p>To see what I'm working on at the moment, it's here:<\/p>\t\t\t\t\t\t\t\t<\/div>\n\t\t\t\t<\/div>\n\t\t\t\t<div class=\"elementor-element elementor-element-72a573d elementor-align-center elementor-widget elementor-widget-button\" data-id=\"72a573d\" data-element_type=\"widget\" data-widget_type=\"button.default\">\n\t\t\t\t<div class=\"elementor-widget-container\">\n\t\t\t\t\t\t\t\t\t<div class=\"elementor-button-wrapper\">\n\t\t\t\t\t<a class=\"elementor-button elementor-button-link elementor-size-lg\" href=\"https:\/\/instagram.com\/zoezephyyr\">\n\t\t\t\t\t\t<span class=\"elementor-button-content-wrapper\">\n\t\t\t\t\t\t\t\t\t<span class=\"elementor-button-text\">Instagram<\/span>\n\t\t\t\t\t<\/span>\n\t\t\t\t\t<\/a>\n\t\t\t\t<\/div>\n\t\t\t\t\t\t\t\t<\/div>\n\t\t\t\t<\/div>\n\t\t\t\t\t<\/div>\n\t\t<\/div>\n\t\t\t\t\t<\/div>\n\t\t<\/section>\n\t\t\t\t<\/div>","protected":false},"excerpt":{"rendered":"<p>Je suis Zo\u00e9 Brochard, la calligraphe et papeti\u00e8re qui se cache derri\u00e8re Zoezephyyr. J&rsquo;ai d\u00e9couvert la calligraphie dans la boutique du ch\u00e2teau de Castelnaud, en Dordogne, apr\u00e8s une visite il y a une dizaine d&rsquo;ann\u00e9es. Je n&rsquo;ai pas cess\u00e9 d&rsquo;\u00e9crire depuis. Amoureuse de belles \u00e9critures et de beaux papiers, je prends un tr\u00e8s grand plaisir [&hellip;]<\/p>","protected":false},"author":1,"featured_media":0,"parent":0,"menu_order":0,"comment_status":"closed","ping_status":"closed","template":"","meta":{"_seopress_robots_primary_cat":"","_seopress_titles_title":"","_seopress_titles_desc":"","_seopress_robots_index":"","footnotes":""},"class_list":["post-36","page","type-page","status-publish","hentry"],"jetpack_sharing_enabled":true,"_links":{"self":[{"href":"https:\/\/zoezephyyr.com\/en\/wp-json\/wp\/v2\/pages\/36","targetHints":{"allow":["GET"]}}],"collection":[{"href":"https:\/\/zoezephyyr.com\/en\/wp-json\/wp\/v2\/pages"}],"about":[{"href":"https:\/\/zoezephyyr.com\/en\/wp-json\/wp\/v2\/types\/page"}],"author":[{"embeddable":true,"href":"https:\/\/zoezephyyr.com\/en\/wp-json\/wp\/v2\/users\/1"}],"replies":[{"embeddable":true,"href":"https:\/\/zoezephyyr.com\/en\/wp-json\/wp\/v2\/comments?post=36"}],"version-history":[{"count":48,"href":"https:\/\/zoezephyyr.com\/en\/wp-json\/wp\/v2\/pages\/36\/revisions"}],"predecessor-version":[{"id":8981,"href":"https:\/\/zoezephyyr.com\/en\/wp-json\/wp\/v2\/pages\/36\/revisions\/8981"}],"wp:attachment":[{"href":"https:\/\/zoezephyyr.com\/en\/wp-json\/wp\/v2\/media?parent=36"}],"curies":[{"name":"wp","href":"https:\/\/api.w.org\/{rel}","templated":true}]}}